
{"id":4105,"date":"2022-03-23T13:29:28","date_gmt":"2022-03-23T12:29:28","guid":{"rendered":"https:\/\/www.igz.de\/open-innovation\/"},"modified":"2023-03-31T09:50:56","modified_gmt":"2023-03-31T07:50:56","slug":"open-innovation","status":"publish","type":"page","link":"https:\/\/www.igz.de\/en\/open-innovation\/","title":{"rendered":"Open Innovation"},"content":{"rendered":"\t\t<div data-elementor-type=\"wp-page\" data-elementor-id=\"4105\" class=\"elementor elementor-4105 elementor-26\" data-elementor-post-type=\"page\">\n\t\t\t\t\t\t<section class=\"elementor-section elementor-top-section elementor-element elementor-element-180d591 elementor-section-full_width elementor-section-height-default elementor-section-height-default\" data-id=\"180d591\" data-element_type=\"section\" data-e-type=\"section\" data-settings=\"{&quot;background_background&quot;:&quot;classic&quot;}\">\n\t\t\t\t\t\t<div class=\"elementor-container elementor-column-gap-no\">\n\t\t\t\t\t<div class=\"elementor-column elementor-col-100 elementor-top-column elementor-element elementor-element-6dfad2b\" data-id=\"6dfad2b\" data-element_type=\"column\" data-e-type=\"column\">\n\t\t\t<div class=\"elementor-widget-wrap elementor-element-populated\">\n\t\t\t\t\t\t<section class=\"elementor-section elementor-inner-section elementor-element elementor-element-ef3367a elementor-section-boxed elementor-section-height-default elementor-section-height-default\" data-id=\"ef3367a\" data-element_type=\"section\" data-e-type=\"section\" data-settings=\"{&quot;background_background&quot;:&quot;classic&quot;}\">\n\t\t\t\t\t\t\t<div class=\"elementor-background-overlay\"><\/div>\n\t\t\t\t\t\t\t<div class=\"elementor-container elementor-column-gap-default\">\n\t\t\t\t\t<div class=\"elementor-column elementor-col-50 elementor-inner-column elementor-element elementor-element-e5d5db1\" data-id=\"e5d5db1\" data-element_type=\"column\" data-e-type=\"column\">\n\t\t\t<div class=\"elementor-widget-wrap elementor-element-populated\">\n\t\t\t\t\t\t<div class=\"elementor-element elementor-element-cdf76c2 elementor-widget elementor-widget-heading\" data-id=\"cdf76c2\" data-element_type=\"widget\" data-e-type=\"widget\" data-widget_type=\"heading.default\">\n\t\t\t\t<div class=\"elementor-widget-container\">\n\t\t\t\t\t<h1 class=\"elementor-heading-title elementor-size-default\">Open Innovation<\/h1>\t\t\t\t<\/div>\n\t\t\t\t<\/div>\n\t\t\t\t<div class=\"elementor-element elementor-element-768eee5 subline elementor-widget elementor-widget-text-editor\" data-id=\"768eee5\" data-element_type=\"widget\" data-e-type=\"widget\" data-widget_type=\"text-editor.default\">\n\t\t\t\t<div class=\"elementor-widget-container\">\n\t\t\t\t\t\t\t\t\t<p>We think and live Open Innovation as a collaborative and co-creative opening of the innovation process.<\/p>\n\t\t\t\t\t\t\t\t<\/div>\n\t\t\t\t<\/div>\n\t\t\t\t\t<\/div>\n\t\t<\/div>\n\t\t\t\t<div class=\"elementor-column elementor-col-50 elementor-inner-column elementor-element elementor-element-9f554c9\" data-id=\"9f554c9\" data-element_type=\"column\" data-e-type=\"column\">\n\t\t\t<div class=\"elementor-widget-wrap\">\n\t\t\t\t\t\t\t<\/div>\n\t\t<\/div>\n\t\t\t\t\t<\/div>\n\t\t<\/section>\n\t\t\t\t\t<\/div>\n\t\t<\/div>\n\t\t\t\t\t<\/div>\n\t\t<\/section>\n\t\t\t\t<section class=\"elementor-section elementor-top-section elementor-element elementor-element-8c76f5a elementor-section-content-space-between elementor-section-boxed elementor-section-height-default elementor-section-height-default\" data-id=\"8c76f5a\" data-element_type=\"section\" data-e-type=\"section\">\n\t\t\t\t\t\t<div class=\"elementor-container elementor-column-gap-default\">\n\t\t\t\t\t<div class=\"elementor-column elementor-col-50 elementor-top-column elementor-element elementor-element-7261fbd\" data-id=\"7261fbd\" data-element_type=\"column\" data-e-type=\"column\">\n\t\t\t<div class=\"elementor-widget-wrap elementor-element-populated\">\n\t\t\t\t\t\t<section class=\"elementor-section elementor-inner-section elementor-element elementor-element-5cebc34 elementor-section-boxed elementor-section-height-default elementor-section-height-default\" data-id=\"5cebc34\" data-element_type=\"section\" data-e-type=\"section\">\n\t\t\t\t\t\t<div class=\"elementor-container elementor-column-gap-no\">\n\t\t\t\t\t<div class=\"elementor-column elementor-col-100 elementor-inner-column elementor-element elementor-element-cf969bc\" data-id=\"cf969bc\" data-element_type=\"column\" data-e-type=\"column\">\n\t\t\t<div class=\"elementor-widget-wrap elementor-element-populated\">\n\t\t\t\t\t\t<div class=\"elementor-element elementor-element-92ae596 elementor-widget elementor-widget-text-editor\" data-id=\"92ae596\" data-element_type=\"widget\" data-e-type=\"widget\" data-widget_type=\"text-editor.default\">\n\t\t\t\t<div class=\"elementor-widget-container\">\n\t\t\t\t\t\t\t\t\t<p>Our mission: generate value (added) for people, organizations and businesses Here, the feedback of all parties involved always remains the same: &#8220;We need even more Open Innovation! Not only since the crisis.&#8221;<\/p>\n\t\t\t\t\t\t\t\t<\/div>\n\t\t\t\t<\/div>\n\t\t\t\t\t<\/div>\n\t\t<\/div>\n\t\t\t\t\t<\/div>\n\t\t<\/section>\n\t\t\t\t\t<\/div>\n\t\t<\/div>\n\t\t\t\t<div class=\"elementor-column elementor-col-50 elementor-top-column elementor-element elementor-element-028f740\" data-id=\"028f740\" data-element_type=\"column\" data-e-type=\"column\">\n\t\t\t<div class=\"elementor-widget-wrap elementor-element-populated\">\n\t\t\t\t\t\t<section class=\"elementor-section elementor-inner-section elementor-element elementor-element-553eaf8 elementor-section-boxed elementor-section-height-default elementor-section-height-default\" data-id=\"553eaf8\" data-element_type=\"section\" data-e-type=\"section\">\n\t\t\t\t\t\t<div class=\"elementor-container elementor-column-gap-no\">\n\t\t\t\t\t<div class=\"elementor-column elementor-col-100 elementor-inner-column elementor-element elementor-element-b670cbc\" data-id=\"b670cbc\" data-element_type=\"column\" data-e-type=\"column\">\n\t\t\t<div class=\"elementor-widget-wrap elementor-element-populated\">\n\t\t\t\t\t\t<div class=\"elementor-element elementor-element-a28c845 elementor-widget elementor-widget-text-editor\" data-id=\"a28c845\" data-element_type=\"widget\" data-e-type=\"widget\" data-widget_type=\"text-editor.default\">\n\t\t\t\t<div class=\"elementor-widget-container\">\n\t\t\t\t\t\t\t\t\t<p>Within the established programs of IGZ we bring together universities, research institutes, public associations, start-ups and established companies of the region. We have one common goal: Generate value by the development of new and unique solutions.<\/p>\n\t\t\t\t\t\t\t\t<\/div>\n\t\t\t\t<\/div>\n\t\t\t\t\t<\/div>\n\t\t<\/div>\n\t\t\t\t\t<\/div>\n\t\t<\/section>\n\t\t\t\t\t<\/div>\n\t\t<\/div>\n\t\t\t\t\t<\/div>\n\t\t<\/section>\n\t\t\t\t<section class=\"elementor-section elementor-top-section elementor-element elementor-element-084ef17 elementor-section-boxed elementor-section-height-default elementor-section-height-default\" data-id=\"084ef17\" data-element_type=\"section\" data-e-type=\"section\">\n\t\t\t\t\t\t<div class=\"elementor-container elementor-column-gap-default\">\n\t\t\t\t\t<div class=\"elementor-column elementor-col-50 elementor-top-column elementor-element elementor-element-a318704\" data-id=\"a318704\" data-element_type=\"column\" data-e-type=\"column\">\n\t\t\t<div class=\"elementor-widget-wrap elementor-element-populated\">\n\t\t\t\t\t\t<div class=\"elementor-element elementor-element-4bfabbc elementor-widget elementor-widget-image\" data-id=\"4bfabbc\" data-element_type=\"widget\" data-e-type=\"widget\" data-widget_type=\"image.default\">\n\t\t\t\t<div class=\"elementor-widget-container\">\n\t\t\t\t\t\t\t\t\t\t\t\t\t\t\t<img fetchpriority=\"high\" decoding=\"async\" width=\"387\" height=\"382\" src=\"https:\/\/www.igz.de\/wp-content\/uploads\/2022\/03\/event-hackathon-transfusion-1.jpg\" class=\"attachment-rbm project size-rbm project wp-image-3887\" alt=\"\" srcset=\"https:\/\/www.igz.de\/wp-content\/uploads\/2022\/03\/event-hackathon-transfusion-1.jpg 387w, https:\/\/www.igz.de\/wp-content\/uploads\/2022\/03\/event-hackathon-transfusion-1-300x296.jpg 300w\" sizes=\"(max-width: 387px) 100vw, 387px\" \/>\t\t\t\t\t\t\t\t\t\t\t\t\t\t\t<\/div>\n\t\t\t\t<\/div>\n\t\t\t\t<div class=\"elementor-element elementor-element-eac093e elementor-widget elementor-widget-heading\" data-id=\"eac093e\" data-element_type=\"widget\" data-e-type=\"widget\" data-widget_type=\"heading.default\">\n\t\t\t\t<div class=\"elementor-widget-container\">\n\t\t\t\t\t<h3 class=\"elementor-heading-title elementor-size-default\">TRANSFUSION<\/h3>\t\t\t\t<\/div>\n\t\t\t\t<\/div>\n\t\t\t\t<div class=\"elementor-element elementor-element-e6b69d0 elementor-widget elementor-widget-text-editor\" data-id=\"e6b69d0\" data-element_type=\"widget\" data-e-type=\"widget\" data-widget_type=\"text-editor.default\">\n\t\t\t\t<div class=\"elementor-widget-container\">\n\t\t\t\t\t\t\t\t\t<p>#trnsfn breaks with the status quo: Our cross-industry Open Innovation challenge connects robotics and automation with challenges regarding clinical application and logistics.<\/p>\n\t\t\t\t\t\t\t\t<\/div>\n\t\t\t\t<\/div>\n\t\t\t\t<div class=\"elementor-element elementor-element-b598f5b elementor-align-left elementor-widget elementor-widget-button\" data-id=\"b598f5b\" data-element_type=\"widget\" data-e-type=\"widget\" data-widget_type=\"button.default\">\n\t\t\t\t<div class=\"elementor-widget-container\">\n\t\t\t\t\t\t\t\t\t<div class=\"elementor-button-wrapper\">\n\t\t\t\t\t<a class=\"elementor-button elementor-button-link elementor-size-sm\" href=\"?page_id=726\">\n\t\t\t\t\t\t<span class=\"elementor-button-content-wrapper\">\n\t\t\t\t\t\t<span class=\"elementor-button-icon\">\n\t\t\t\t<i aria-hidden=\"true\" class=\"fas fa-arrow-right\"><\/i>\t\t\t<\/span>\n\t\t\t\t\t\t\t\t\t<span class=\"elementor-button-text\">All details<\/span>\n\t\t\t\t\t<\/span>\n\t\t\t\t\t<\/a>\n\t\t\t\t<\/div>\n\t\t\t\t\t\t\t\t<\/div>\n\t\t\t\t<\/div>\n\t\t\t\t\t<\/div>\n\t\t<\/div>\n\t\t\t\t<div class=\"elementor-column elementor-col-50 elementor-top-column elementor-element elementor-element-743dbfc\" data-id=\"743dbfc\" data-element_type=\"column\" data-e-type=\"column\">\n\t\t\t<div class=\"elementor-widget-wrap elementor-element-populated\">\n\t\t\t\t\t\t<div class=\"elementor-element elementor-element-6d18884 elementor-widget elementor-widget-image\" data-id=\"6d18884\" data-element_type=\"widget\" data-e-type=\"widget\" data-widget_type=\"image.default\">\n\t\t\t\t<div class=\"elementor-widget-container\">\n\t\t\t\t\t\t\t\t\t\t\t\t\t\t\t<img decoding=\"async\" width=\"687\" height=\"682\" src=\"https:\/\/www.igz.de\/wp-content\/uploads\/2022\/04\/igz-header-sandbox-sw-quadratsich-687x682.jpg\" class=\"attachment-rbm project size-rbm project wp-image-3990\" alt=\"\" srcset=\"https:\/\/www.igz.de\/wp-content\/uploads\/2022\/04\/igz-header-sandbox-sw-quadratsich-687x682.jpg 687w, https:\/\/www.igz.de\/wp-content\/uploads\/2022\/04\/igz-header-sandbox-sw-quadratsich-150x150.jpg 150w\" sizes=\"(max-width: 687px) 100vw, 687px\" \/>\t\t\t\t\t\t\t\t\t\t\t\t\t\t\t<\/div>\n\t\t\t\t<\/div>\n\t\t\t\t<div class=\"elementor-element elementor-element-18c571f elementor-widget elementor-widget-heading\" data-id=\"18c571f\" data-element_type=\"widget\" data-e-type=\"widget\" data-widget_type=\"heading.default\">\n\t\t\t\t<div class=\"elementor-widget-container\">\n\t\t\t\t\t<h3 class=\"elementor-heading-title elementor-size-default\">ModelOne<\/h3>\t\t\t\t<\/div>\n\t\t\t\t<\/div>\n\t\t\t\t<div class=\"elementor-element elementor-element-cf1c289 elementor-widget elementor-widget-text-editor\" data-id=\"cf1c289\" data-element_type=\"widget\" data-e-type=\"widget\" data-widget_type=\"text-editor.default\">\n\t\t\t\t<div class=\"elementor-widget-container\">\n\t\t\t\t\t\t\t\t\t<p>We support start-up companies to develop validated prototypes and make them eligible for funding and to attract the interest of investors and sponsors.<\/p>\n\t\t\t\t\t\t\t\t<\/div>\n\t\t\t\t<\/div>\n\t\t\t\t<div class=\"elementor-element elementor-element-b734a4a elementor-align-left elementor-widget elementor-widget-button\" data-id=\"b734a4a\" data-element_type=\"widget\" data-e-type=\"widget\" data-widget_type=\"button.default\">\n\t\t\t\t<div class=\"elementor-widget-container\">\n\t\t\t\t\t\t\t\t\t<div class=\"elementor-button-wrapper\">\n\t\t\t\t\t<a class=\"elementor-button elementor-button-link elementor-size-sm\" href=\"?page_id=732\">\n\t\t\t\t\t\t<span class=\"elementor-button-content-wrapper\">\n\t\t\t\t\t\t<span class=\"elementor-button-icon\">\n\t\t\t\t<i aria-hidden=\"true\" class=\"fas fa-arrow-right\"><\/i>\t\t\t<\/span>\n\t\t\t\t\t\t\t\t\t<span class=\"elementor-button-text\">All details<\/span>\n\t\t\t\t\t<\/span>\n\t\t\t\t\t<\/a>\n\t\t\t\t<\/div>\n\t\t\t\t\t\t\t\t<\/div>\n\t\t\t\t<\/div>\n\t\t\t\t\t<\/div>\n\t\t<\/div>\n\t\t\t\t\t<\/div>\n\t\t<\/section>\n\t\t\t\t<\/div>\n\t\t","protected":false},"excerpt":{"rendered":"<p>Open Innovation We think and live Open Innovation as a collaborative and co-creative opening of the innovation process. Our mission: generate value (added) for people, organizations and businesses Here, the feedback of all parties involved always remains the same: &#8220;We need even more Open Innovation! Not only since the crisis.&#8221; Within the established programs of [&hellip;]<\/p>\n","protected":false},"author":1,"featured_media":0,"parent":0,"menu_order":0,"comment_status":"closed","ping_status":"closed","template":"","meta":{"_acf_changed":false,"footnotes":""},"class_list":["post-4105","page","type-page","status-publish","hentry"],"acf":[],"yoast_head":"<!-- This site is optimized with the Yoast SEO plugin v27.3 - https:\/\/yoast.com\/product\/yoast-seo-wordpress\/ -->\n<title>Open Innovation - Das Gr\u00fcnderzentrum f\u00fcr technologieorientierte Unternehmen<\/title>\n<meta name=\"robots\" content=\"index, follow, max-snippet:-1, max-image-preview:large, max-video-preview:-1\" \/>\n<link rel=\"canonical\" href=\"https:\/\/www.igz.de\/en\/open-innovation\/\" \/>\n<meta property=\"og:locale\" content=\"en_US\" \/>\n<meta property=\"og:type\" content=\"article\" \/>\n<meta property=\"og:title\" content=\"Open Innovation - Das Gr\u00fcnderzentrum f\u00fcr technologieorientierte Unternehmen\" \/>\n<meta property=\"og:description\" content=\"Open Innovation We think and live Open Innovation as a collaborative and co-creative opening of the innovation process. Our mission: generate value (added) for people, organizations and businesses Here, the feedback of all parties involved always remains the same: &#8220;We need even more Open Innovation! Not only since the crisis.&#8221; Within the established programs of [&hellip;]\" \/>\n<meta property=\"og:url\" content=\"https:\/\/www.igz.de\/en\/open-innovation\/\" \/>\n<meta property=\"og:site_name\" content=\"Das Gr\u00fcnderzentrum f\u00fcr technologieorientierte Unternehmen\" \/>\n<meta property=\"article:modified_time\" content=\"2023-03-31T07:50:56+00:00\" \/>\n<meta property=\"og:image\" content=\"https:\/\/www.igz.de\/wp-content\/uploads\/2022\/03\/event-hackathon-transfusion-1.jpg\" \/>\n<meta name=\"twitter:card\" content=\"summary_large_image\" \/>\n<meta name=\"twitter:label1\" content=\"Est. reading time\" \/>\n\t<meta name=\"twitter:data1\" content=\"2 minutes\" \/>\n<script type=\"application\/ld+json\" class=\"yoast-schema-graph\">{\"@context\":\"https:\\\/\\\/schema.org\",\"@graph\":[{\"@type\":\"WebPage\",\"@id\":\"https:\\\/\\\/www.igz.de\\\/en\\\/open-innovation\\\/\",\"url\":\"https:\\\/\\\/www.igz.de\\\/en\\\/open-innovation\\\/\",\"name\":\"Open Innovation - Das Gr\u00fcnderzentrum f\u00fcr technologieorientierte Unternehmen\",\"isPartOf\":{\"@id\":\"https:\\\/\\\/www.igz.de\\\/en\\\/#website\"},\"primaryImageOfPage\":{\"@id\":\"https:\\\/\\\/www.igz.de\\\/en\\\/open-innovation\\\/#primaryimage\"},\"image\":{\"@id\":\"https:\\\/\\\/www.igz.de\\\/en\\\/open-innovation\\\/#primaryimage\"},\"thumbnailUrl\":\"https:\\\/\\\/www.igz.de\\\/wp-content\\\/uploads\\\/2022\\\/03\\\/event-hackathon-transfusion-1.jpg\",\"datePublished\":\"2022-03-23T12:29:28+00:00\",\"dateModified\":\"2023-03-31T07:50:56+00:00\",\"inLanguage\":\"en-US\",\"potentialAction\":[{\"@type\":\"ReadAction\",\"target\":[\"https:\\\/\\\/www.igz.de\\\/en\\\/open-innovation\\\/\"]}]},{\"@type\":\"ImageObject\",\"inLanguage\":\"en-US\",\"@id\":\"https:\\\/\\\/www.igz.de\\\/en\\\/open-innovation\\\/#primaryimage\",\"url\":\"https:\\\/\\\/www.igz.de\\\/wp-content\\\/uploads\\\/2022\\\/03\\\/event-hackathon-transfusion-1.jpg\",\"contentUrl\":\"https:\\\/\\\/www.igz.de\\\/wp-content\\\/uploads\\\/2022\\\/03\\\/event-hackathon-transfusion-1.jpg\"},{\"@type\":\"WebSite\",\"@id\":\"https:\\\/\\\/www.igz.de\\\/en\\\/#website\",\"url\":\"https:\\\/\\\/www.igz.de\\\/en\\\/\",\"name\":\"Das Gr\u00fcnderzentrum f\u00fcr technologieorientierte Unternehmen\",\"description\":\"Wir sind der Zukunftsstandort f\u00fcr Robotik und Automation in der Metropolregion N\u00fcrnberg \u2022 F\u00fcrth \u2022 Erlangen\",\"publisher\":{\"@id\":\"https:\\\/\\\/www.igz.de\\\/en\\\/#organization\"},\"potentialAction\":[{\"@type\":\"SearchAction\",\"target\":{\"@type\":\"EntryPoint\",\"urlTemplate\":\"https:\\\/\\\/www.igz.de\\\/en\\\/?s={search_term_string}\"},\"query-input\":{\"@type\":\"PropertyValueSpecification\",\"valueRequired\":true,\"valueName\":\"search_term_string\"}}],\"inLanguage\":\"en-US\"},{\"@type\":\"Organization\",\"@id\":\"https:\\\/\\\/www.igz.de\\\/en\\\/#organization\",\"name\":\"Innovations- und Gr\u00fcnderzentrum N\u00fcrnberg \u2022 F\u00fcrth \u2022 Erlangen\",\"url\":\"https:\\\/\\\/www.igz.de\\\/en\\\/\",\"logo\":{\"@type\":\"ImageObject\",\"inLanguage\":\"en-US\",\"@id\":\"https:\\\/\\\/www.igz.de\\\/en\\\/#\\\/schema\\\/logo\\\/image\\\/\",\"url\":\"http:\\\/\\\/wordpress5.rb-media.net\\\/wordpress\\\/igz\\\/wp-content\\\/uploads\\\/2022\\\/03\\\/igz-logo.jpg\",\"contentUrl\":\"http:\\\/\\\/wordpress5.rb-media.net\\\/wordpress\\\/igz\\\/wp-content\\\/uploads\\\/2022\\\/03\\\/igz-logo.jpg\",\"width\":912,\"height\":142,\"caption\":\"Innovations- und Gr\u00fcnderzentrum N\u00fcrnberg \u2022 F\u00fcrth \u2022 Erlangen\"},\"image\":{\"@id\":\"https:\\\/\\\/www.igz.de\\\/en\\\/#\\\/schema\\\/logo\\\/image\\\/\"}}]}<\/script>\n<!-- \/ Yoast SEO plugin. -->","yoast_head_json":{"title":"Open Innovation - Das Gr\u00fcnderzentrum f\u00fcr technologieorientierte Unternehmen","robots":{"index":"index","follow":"follow","max-snippet":"max-snippet:-1","max-image-preview":"max-image-preview:large","max-video-preview":"max-video-preview:-1"},"canonical":"https:\/\/www.igz.de\/en\/open-innovation\/","og_locale":"en_US","og_type":"article","og_title":"Open Innovation - Das Gr\u00fcnderzentrum f\u00fcr technologieorientierte Unternehmen","og_description":"Open Innovation We think and live Open Innovation as a collaborative and co-creative opening of the innovation process. Our mission: generate value (added) for people, organizations and businesses Here, the feedback of all parties involved always remains the same: &#8220;We need even more Open Innovation! Not only since the crisis.&#8221; Within the established programs of [&hellip;]","og_url":"https:\/\/www.igz.de\/en\/open-innovation\/","og_site_name":"Das Gr\u00fcnderzentrum f\u00fcr technologieorientierte Unternehmen","article_modified_time":"2023-03-31T07:50:56+00:00","og_image":[{"url":"https:\/\/www.igz.de\/wp-content\/uploads\/2022\/03\/event-hackathon-transfusion-1.jpg","type":"","width":"","height":""}],"twitter_card":"summary_large_image","twitter_misc":{"Est. reading time":"2 minutes"},"schema":{"@context":"https:\/\/schema.org","@graph":[{"@type":"WebPage","@id":"https:\/\/www.igz.de\/en\/open-innovation\/","url":"https:\/\/www.igz.de\/en\/open-innovation\/","name":"Open Innovation - Das Gr\u00fcnderzentrum f\u00fcr technologieorientierte Unternehmen","isPartOf":{"@id":"https:\/\/www.igz.de\/en\/#website"},"primaryImageOfPage":{"@id":"https:\/\/www.igz.de\/en\/open-innovation\/#primaryimage"},"image":{"@id":"https:\/\/www.igz.de\/en\/open-innovation\/#primaryimage"},"thumbnailUrl":"https:\/\/www.igz.de\/wp-content\/uploads\/2022\/03\/event-hackathon-transfusion-1.jpg","datePublished":"2022-03-23T12:29:28+00:00","dateModified":"2023-03-31T07:50:56+00:00","inLanguage":"en-US","potentialAction":[{"@type":"ReadAction","target":["https:\/\/www.igz.de\/en\/open-innovation\/"]}]},{"@type":"ImageObject","inLanguage":"en-US","@id":"https:\/\/www.igz.de\/en\/open-innovation\/#primaryimage","url":"https:\/\/www.igz.de\/wp-content\/uploads\/2022\/03\/event-hackathon-transfusion-1.jpg","contentUrl":"https:\/\/www.igz.de\/wp-content\/uploads\/2022\/03\/event-hackathon-transfusion-1.jpg"},{"@type":"WebSite","@id":"https:\/\/www.igz.de\/en\/#website","url":"https:\/\/www.igz.de\/en\/","name":"Das Gr\u00fcnderzentrum f\u00fcr technologieorientierte Unternehmen","description":"Wir sind der Zukunftsstandort f\u00fcr Robotik und Automation in der Metropolregion N\u00fcrnberg \u2022 F\u00fcrth \u2022 Erlangen","publisher":{"@id":"https:\/\/www.igz.de\/en\/#organization"},"potentialAction":[{"@type":"SearchAction","target":{"@type":"EntryPoint","urlTemplate":"https:\/\/www.igz.de\/en\/?s={search_term_string}"},"query-input":{"@type":"PropertyValueSpecification","valueRequired":true,"valueName":"search_term_string"}}],"inLanguage":"en-US"},{"@type":"Organization","@id":"https:\/\/www.igz.de\/en\/#organization","name":"Innovations- und Gr\u00fcnderzentrum N\u00fcrnberg \u2022 F\u00fcrth \u2022 Erlangen","url":"https:\/\/www.igz.de\/en\/","logo":{"@type":"ImageObject","inLanguage":"en-US","@id":"https:\/\/www.igz.de\/en\/#\/schema\/logo\/image\/","url":"http:\/\/wordpress5.rb-media.net\/wordpress\/igz\/wp-content\/uploads\/2022\/03\/igz-logo.jpg","contentUrl":"http:\/\/wordpress5.rb-media.net\/wordpress\/igz\/wp-content\/uploads\/2022\/03\/igz-logo.jpg","width":912,"height":142,"caption":"Innovations- und Gr\u00fcnderzentrum N\u00fcrnberg \u2022 F\u00fcrth \u2022 Erlangen"},"image":{"@id":"https:\/\/www.igz.de\/en\/#\/schema\/logo\/image\/"}}]}},"_links":{"self":[{"href":"https:\/\/www.igz.de\/en\/wp-json\/wp\/v2\/pages\/4105","targetHints":{"allow":["GET"]}}],"collection":[{"href":"https:\/\/www.igz.de\/en\/wp-json\/wp\/v2\/pages"}],"about":[{"href":"https:\/\/www.igz.de\/en\/wp-json\/wp\/v2\/types\/page"}],"author":[{"embeddable":true,"href":"https:\/\/www.igz.de\/en\/wp-json\/wp\/v2\/users\/1"}],"replies":[{"embeddable":true,"href":"https:\/\/www.igz.de\/en\/wp-json\/wp\/v2\/comments?post=4105"}],"version-history":[{"count":1,"href":"https:\/\/www.igz.de\/en\/wp-json\/wp\/v2\/pages\/4105\/revisions"}],"predecessor-version":[{"id":4106,"href":"https:\/\/www.igz.de\/en\/wp-json\/wp\/v2\/pages\/4105\/revisions\/4106"}],"wp:attachment":[{"href":"https:\/\/www.igz.de\/en\/wp-json\/wp\/v2\/media?parent=4105"}],"curies":[{"name":"wp","href":"https:\/\/api.w.org\/{rel}","templated":true}]}}