
{"id":4109,"date":"2022-03-30T10:44:23","date_gmt":"2022-03-30T08:44:23","guid":{"rendered":"https:\/\/www.igz.de\/open-innovation\/sandbox-programs\/"},"modified":"2023-03-31T10:14:46","modified_gmt":"2023-03-31T08:14:46","slug":"sandbox-programs","status":"publish","type":"page","link":"https:\/\/www.igz.de\/en\/open-innovation\/sandbox-programs\/","title":{"rendered":"Sandbox programs"},"content":{"rendered":"\t\t<div data-elementor-type=\"wp-page\" data-elementor-id=\"4109\" class=\"elementor elementor-4109 elementor-732\" data-elementor-post-type=\"page\">\n\t\t\t\t\t\t<section data-dce-background-overlay-color=\"#FFFFFF\" class=\"elementor-section elementor-top-section elementor-element elementor-element-63a15ca elementor-section-boxed elementor-section-height-default elementor-section-height-default\" data-id=\"63a15ca\" data-element_type=\"section\" data-e-type=\"section\">\n\t\t\t\t\t\t\t<div class=\"elementor-background-overlay\"><\/div>\n\t\t\t\t\t\t\t<div class=\"elementor-container elementor-column-gap-default\">\n\t\t\t\t\t<div class=\"elementor-column elementor-col-50 elementor-top-column elementor-element elementor-element-64cbd80\" data-id=\"64cbd80\" data-element_type=\"column\" data-e-type=\"column\">\n\t\t\t<div class=\"elementor-widget-wrap elementor-element-populated\">\n\t\t\t\t\t\t<div class=\"elementor-element elementor-element-bf8cec3 elementor-absolute elementor-widget elementor-widget-image\" data-id=\"bf8cec3\" data-element_type=\"widget\" data-e-type=\"widget\" data-settings=\"{&quot;_position&quot;:&quot;absolute&quot;}\" data-widget_type=\"image.default\">\n\t\t\t\t<div class=\"elementor-widget-container\">\n\t\t\t\t\t\t\t\t\t\t\t\t\t\t\t<img decoding=\"async\" src=\"https:\/\/www.igz.de\/wp-content\/uploads\/2023\/03\/logo-modelone-scaled.jpg\" title=\"\" alt=\"\" loading=\"lazy\" \/>\t\t\t\t\t\t\t\t\t\t\t\t\t\t\t<\/div>\n\t\t\t\t<\/div>\n\t\t\t\t\t<\/div>\n\t\t<\/div>\n\t\t\t\t<div class=\"elementor-column elementor-col-50 elementor-top-column elementor-element elementor-element-088ecc0\" data-id=\"088ecc0\" data-element_type=\"column\" data-e-type=\"column\">\n\t\t\t<div class=\"elementor-widget-wrap elementor-element-populated\">\n\t\t\t\t\t\t<section class=\"elementor-section elementor-inner-section elementor-element elementor-element-fd10fd8 elementor-section-content-middle elementor-section-boxed elementor-section-height-default elementor-section-height-default\" data-id=\"fd10fd8\" data-element_type=\"section\" data-e-type=\"section\">\n\t\t\t\t\t\t<div class=\"elementor-container elementor-column-gap-no\">\n\t\t\t\t\t<div class=\"elementor-column elementor-col-100 elementor-inner-column elementor-element elementor-element-38353ef\" data-id=\"38353ef\" data-element_type=\"column\" data-e-type=\"column\">\n\t\t\t<div class=\"elementor-widget-wrap elementor-element-populated\">\n\t\t\t\t\t\t<div class=\"elementor-element elementor-element-7398014 elementor-widget__width-auto elementor-view-default elementor-widget elementor-widget-icon\" data-id=\"7398014\" data-element_type=\"widget\" data-e-type=\"widget\" data-widget_type=\"icon.default\">\n\t\t\t\t<div class=\"elementor-widget-container\">\n\t\t\t\t\t\t\t<div class=\"elementor-icon-wrapper\">\n\t\t\t<div class=\"elementor-icon\">\n\t\t\t<i aria-hidden=\"true\" class=\"fas fa-long-arrow-alt-left\"><\/i>\t\t\t<\/div>\n\t\t<\/div>\n\t\t\t\t\t\t<\/div>\n\t\t\t\t<\/div>\n\t\t\t\t<div class=\"elementor-element elementor-element-6bf470c elementor-widget__width-auto elementor-widget elementor-widget-breadcrumbs\" data-id=\"6bf470c\" data-element_type=\"widget\" data-e-type=\"widget\" data-widget_type=\"breadcrumbs.default\">\n\t\t\t\t<div class=\"elementor-widget-container\">\n\t\t\t\t\t<p id=\"breadcrumbs\"><\/p>\t\t\t\t<\/div>\n\t\t\t\t<\/div>\n\t\t\t\t\t<\/div>\n\t\t<\/div>\n\t\t\t\t\t<\/div>\n\t\t<\/section>\n\t\t\t\t<div class=\"elementor-element elementor-element-4bf5438 elementor-widget elementor-widget-spacer\" data-id=\"4bf5438\" data-element_type=\"widget\" data-e-type=\"widget\" data-widget_type=\"spacer.default\">\n\t\t\t\t<div class=\"elementor-widget-container\">\n\t\t\t\t\t\t\t<div class=\"elementor-spacer\">\n\t\t\t<div class=\"elementor-spacer-inner\"><\/div>\n\t\t<\/div>\n\t\t\t\t\t\t<\/div>\n\t\t\t\t<\/div>\n\t\t\t\t<div class=\"elementor-element elementor-element-b51d189 headline-2 elementor-widget elementor-widget-heading\" data-id=\"b51d189\" data-element_type=\"widget\" data-e-type=\"widget\" data-widget_type=\"heading.default\">\n\t\t\t\t<div class=\"elementor-widget-container\">\n\t\t\t\t\t<h1 class=\"elementor-heading-title elementor-size-default\">ModelOne<\/h1>\t\t\t\t<\/div>\n\t\t\t\t<\/div>\n\t\t\t\t<div class=\"elementor-element elementor-element-56d624a subline elementor-widget elementor-widget-text-editor\" data-id=\"56d624a\" data-element_type=\"widget\" data-e-type=\"widget\" data-widget_type=\"text-editor.default\">\n\t\t\t\t<div class=\"elementor-widget-container\">\n\t\t\t\t\t\t\t\t\t<p>We support start-up companies to develop validated prototypes and make them eligible for funding and to attract the interest of investors and sponsors.<\/p>\n\t\t\t\t\t\t\t\t<\/div>\n\t\t\t\t<\/div>\n\t\t\t\t\t<\/div>\n\t\t<\/div>\n\t\t\t\t\t<\/div>\n\t\t<\/section>\n\t\t\t\t<section data-dce-background-overlay-color=\"#FFFFFF\" class=\"elementor-section elementor-top-section elementor-element elementor-element-4228740 elementor-section-boxed elementor-section-height-default elementor-section-height-default\" data-id=\"4228740\" data-element_type=\"section\" data-e-type=\"section\">\n\t\t\t\t\t\t\t<div class=\"elementor-background-overlay\"><\/div>\n\t\t\t\t\t\t\t<div class=\"elementor-container elementor-column-gap-default\">\n\t\t\t\t\t<div class=\"elementor-column elementor-col-100 elementor-top-column elementor-element elementor-element-5268dff\" data-id=\"5268dff\" data-element_type=\"column\" data-e-type=\"column\">\n\t\t\t<div class=\"elementor-widget-wrap elementor-element-populated\">\n\t\t\t\t\t\t<div class=\"elementor-element elementor-element-2d28a32 elementor-widget elementor-widget-text-editor\" data-id=\"2d28a32\" data-element_type=\"widget\" data-e-type=\"widget\" data-widget_type=\"text-editor.default\">\n\t\t\t\t<div class=\"elementor-widget-container\">\n\t\t\t\t\t\t\t\t\t<p>ModelOne is a unique program that aims to drive <b>sustainable collaboration between startups and small and medium-sized enterprises (SMEs).<\/b> The program is aimed at (Bavarian) founders and startups that have an <b>idea or a concrete plan of a product in mind<\/b>, but <b>(currently) do not have the technical know-how and the financial means to build a prototype \/ program the software mock-up.<\/b><\/p><p>Participating in the program not only increases the chance of successfully launching a product on the market, but the founders can also make an <b>active contribution to maintaining the innovative strength and location development in the metropolitan region.<\/b><\/p><p>We <b>network founders with suitable SMEs from the region<\/b> to give them access to the knowledge and many years of experience of the companies. At the same time, founders help established companies to further expand their innovative capacity and to perceive current trends in the technology sector. ModelOne <b>covers all costs incurred<\/b> and also <b>supports<\/b> startups <b>in applying for additional funding.<\/b><\/p><h3><img decoding=\"async\" class=\"emoji\" role=\"img\" draggable=\"false\" src=\"https:\/\/s.w.org\/images\/core\/emoji\/14.0.0\/svg\/1f449.svg\" alt=\"\ud83d\udc49\" \/><strong><span style=\"color: #333399;\">Join us and be an active part of knowledge and technology transfer in the Nuremberg Metropolitan Region!<\/span><\/strong><\/h3>\t\t\t\t\t\t\t\t<\/div>\n\t\t\t\t<\/div>\n\t\t\t\t\t<\/div>\n\t\t<\/div>\n\t\t\t\t\t<\/div>\n\t\t<\/section>\n\t\t\t\t<section class=\"elementor-section elementor-top-section elementor-element elementor-element-4b197e9 elementor-section-boxed elementor-section-height-default elementor-section-height-default\" data-id=\"4b197e9\" data-element_type=\"section\" data-e-type=\"section\">\n\t\t\t\t\t\t<div class=\"elementor-container elementor-column-gap-default\">\n\t\t\t\t\t<div class=\"elementor-column elementor-col-100 elementor-top-column elementor-element elementor-element-a350458\" data-id=\"a350458\" data-element_type=\"column\" data-e-type=\"column\">\n\t\t\t<div class=\"elementor-widget-wrap elementor-element-populated\">\n\t\t\t\t\t\t<section class=\"elementor-section elementor-inner-section elementor-element elementor-element-76e8437 elementor-section-content-middle elementor-section-boxed elementor-section-height-default elementor-section-height-default\" data-id=\"76e8437\" data-element_type=\"section\" data-e-type=\"section\" data-settings=\"{&quot;background_background&quot;:&quot;classic&quot;}\">\n\t\t\t\t\t\t<div class=\"elementor-container elementor-column-gap-default\">\n\t\t\t\t\t<div class=\"elementor-column elementor-col-50 elementor-inner-column elementor-element elementor-element-a3299ce\" data-id=\"a3299ce\" data-element_type=\"column\" data-e-type=\"column\">\n\t\t\t<div class=\"elementor-widget-wrap elementor-element-populated\">\n\t\t\t\t\t\t<div class=\"elementor-element elementor-element-6120b96 elementor-position-inline-start elementor-view-default elementor-mobile-position-block-start elementor-widget elementor-widget-icon-box\" data-id=\"6120b96\" data-element_type=\"widget\" data-e-type=\"widget\" data-widget_type=\"icon-box.default\">\n\t\t\t\t<div class=\"elementor-widget-container\">\n\t\t\t\t\t\t\t<div class=\"elementor-icon-box-wrapper\">\n\n\t\t\t\t\t\t<div class=\"elementor-icon-box-icon\">\n\t\t\t\t<span  class=\"elementor-icon\">\n\t\t\t\t<svg xmlns=\"http:\/\/www.w3.org\/2000\/svg\" id=\"Ebene_1\" x=\"0\" y=\"0\" width=\"40\" height=\"40\" style=\"enable-background:new 0 0 40 40\" xml:space=\"preserve\"><style>.st0,.st1,.st2,.st3,.st4{fill:none;stroke:#000;stroke-width:2;stroke-miterlimit:10}.st1,.st2,.st3,.st4{stroke:#f90;stroke-linecap:round;stroke-linejoin:round}.st2,.st3,.st4{stroke:#1e77b3}.st3,.st4{stroke:#0f3b59}.st4{stroke:#000}.st5{fill:#8d94a5}.st6,.st7{fill:none;stroke:#fff;stroke-width:2;stroke-linecap:round;stroke-linejoin:round;stroke-miterlimit:10}.st7{stroke:#8d94a5}.st8{fill:#ececec}.st9{fill:#c6c6c6}.st10{fill:#555}.st11{fill:#b2b2b2}.st12{fill:#f90}.st13{fill:#c00}.st14{fill:#0c9900}.st15{fill:none;stroke:#555;stroke-width:2}.st15,.st16,.st17,.st18{stroke-miterlimit:10}.st16{fill:none;stroke:#0c9900;stroke-width:2}.st17,.st18{fill:#61be8a;stroke:#1b437c}.st18{fill:none;stroke:#fff}.st19{fill:#1b437c}.st20{fill:none;stroke:#1b437c;stroke-width:2;stroke-miterlimit:10}.st21{fill:#fff}.st22,.st23{fill:none;stroke-miterlimit:10}.st22{stroke:#1b437c;stroke-linecap:round}.st23{stroke:#000;stroke-width:2;stroke-linejoin:round}.st24{fill:#f0f}<\/style><path d=\"M30.9951 10.0001H30v-2c0-.1314-.0258-.2615-.076-.3828A.9995.9995 0 0 0 29 7a.9997.9997 0 0 0-1 1v2.0001H12v-2c0-.1314-.0258-.2615-.076-.3828A.9995.9995 0 0 0 11 7a.9997.9997 0 0 0-1 1v2.0001h-.996A3.0073 3.0073 0 0 0 6 13.0045V29.996A3.0076 3.0076 0 0 0 9.004 33H30.995A3.008 3.008 0 0 0 34 29.996V13.0045a3.008 3.008 0 0 0-3.0049-3.0044zm-21.9912 2h21.9912A1.0057 1.0057 0 0 1 32 13.0045V16H8v-2.9954a1.0054 1.0054 0 0 1 1.004-1.0044zm21.9912 19H9.0039A1.0051 1.0051 0 0 1 8 29.996V17.9998h24V29.996A1.0054 1.0054 0 0 1 30.9951 31zM10 21h9v2h-9v-2zm0 4h9v2h-9v-2zm11-4h9v2h-9v-2z\"><\/path><\/svg>\t\t\t\t<\/span>\n\t\t\t<\/div>\n\t\t\t\n\t\t\t\t\t\t<div class=\"elementor-icon-box-content\">\n\n\t\t\t\t\t\t\t\t\t<h3 class=\"elementor-icon-box-title\">\n\t\t\t\t\t\t<span  >\n\t\t\t\t\t\t\tAll details about ModelOne are available on the official website \t\t\t\t\t\t<\/span>\n\t\t\t\t\t<\/h3>\n\t\t\t\t\n\t\t\t\t\n\t\t\t<\/div>\n\t\t\t\n\t\t<\/div>\n\t\t\t\t\t\t<\/div>\n\t\t\t\t<\/div>\n\t\t\t\t\t<\/div>\n\t\t<\/div>\n\t\t\t\t<div class=\"elementor-column elementor-col-50 elementor-inner-column elementor-element elementor-element-6a46095\" data-id=\"6a46095\" data-element_type=\"column\" data-e-type=\"column\">\n\t\t\t<div class=\"elementor-widget-wrap elementor-element-populated\">\n\t\t\t\t\t\t<div data-dce-background-color=\"#F5F8FF\" class=\"elementor-element elementor-element-b95ed16 elementor-align-right elementor-mobile-align-left elementor-tablet-align-center elementor-widget elementor-widget-button\" data-id=\"b95ed16\" data-element_type=\"widget\" data-e-type=\"widget\" data-widget_type=\"button.default\">\n\t\t\t\t<div class=\"elementor-widget-container\">\n\t\t\t\t\t\t\t\t\t<div class=\"elementor-button-wrapper\">\n\t\t\t\t\t<a class=\"elementor-button elementor-button-link elementor-size-sm\" href=\"https:\/\/model-1.de\/\">\n\t\t\t\t\t\t<span class=\"elementor-button-content-wrapper\">\n\t\t\t\t\t\t<span class=\"elementor-button-icon\">\n\t\t\t\t<i aria-hidden=\"true\" class=\"fas fa-arrow-right\"><\/i>\t\t\t<\/span>\n\t\t\t\t\t\t\t\t\t<span class=\"elementor-button-text\">go to ModelOne<\/span>\n\t\t\t\t\t<\/span>\n\t\t\t\t\t<\/a>\n\t\t\t\t<\/div>\n\t\t\t\t\t\t\t\t<\/div>\n\t\t\t\t<\/div>\n\t\t\t\t\t<\/div>\n\t\t<\/div>\n\t\t\t\t\t<\/div>\n\t\t<\/section>\n\t\t\t\t\t<\/div>\n\t\t<\/div>\n\t\t\t\t\t<\/div>\n\t\t<\/section>\n\t\t\t\t<\/div>\n\t\t","protected":false},"excerpt":{"rendered":"<p>ModelOne We support start-up companies to develop validated prototypes and make them eligible for funding and to attract the interest of investors and sponsors. ModelOne is a unique program that aims to drive sustainable collaboration between startups and small and medium-sized enterprises (SMEs). The program is aimed at (Bavarian) founders and startups that have an [&hellip;]<\/p>\n","protected":false},"author":1,"featured_media":0,"parent":4105,"menu_order":0,"comment_status":"closed","ping_status":"closed","template":"","meta":{"_acf_changed":false,"footnotes":""},"class_list":["post-4109","page","type-page","status-publish","hentry"],"acf":[],"yoast_head":"<!-- This site is optimized with the Yoast SEO plugin v27.3 - https:\/\/yoast.com\/product\/yoast-seo-wordpress\/ -->\n<title>Sandbox programs - Das Gr\u00fcnderzentrum f\u00fcr technologieorientierte Unternehmen<\/title>\n<meta name=\"robots\" content=\"index, follow, max-snippet:-1, max-image-preview:large, max-video-preview:-1\" \/>\n<link rel=\"canonical\" href=\"https:\/\/www.igz.de\/en\/open-innovation\/sandbox-programs\/\" \/>\n<meta property=\"og:locale\" content=\"en_US\" \/>\n<meta property=\"og:type\" content=\"article\" \/>\n<meta property=\"og:title\" content=\"Sandbox programs - Das Gr\u00fcnderzentrum f\u00fcr technologieorientierte Unternehmen\" \/>\n<meta property=\"og:description\" content=\"ModelOne We support start-up companies to develop validated prototypes and make them eligible for funding and to attract the interest of investors and sponsors. ModelOne is a unique program that aims to drive sustainable collaboration between startups and small and medium-sized enterprises (SMEs). The program is aimed at (Bavarian) founders and startups that have an [&hellip;]\" \/>\n<meta property=\"og:url\" content=\"https:\/\/www.igz.de\/en\/open-innovation\/sandbox-programs\/\" \/>\n<meta property=\"og:site_name\" content=\"Das Gr\u00fcnderzentrum f\u00fcr technologieorientierte Unternehmen\" \/>\n<meta property=\"article:modified_time\" content=\"2023-03-31T08:14:46+00:00\" \/>\n<meta property=\"og:image\" content=\"https:\/\/www.igz.de\/wp-content\/uploads\/2023\/03\/logo-modelone-scaled.jpg\" \/>\n<meta name=\"twitter:card\" content=\"summary_large_image\" \/>\n<meta name=\"twitter:label1\" content=\"Est. reading time\" \/>\n\t<meta name=\"twitter:data1\" content=\"2 minutes\" \/>\n<script type=\"application\/ld+json\" class=\"yoast-schema-graph\">{\"@context\":\"https:\\\/\\\/schema.org\",\"@graph\":[{\"@type\":\"WebPage\",\"@id\":\"https:\\\/\\\/www.igz.de\\\/en\\\/open-innovation\\\/sandbox-programs\\\/\",\"url\":\"https:\\\/\\\/www.igz.de\\\/en\\\/open-innovation\\\/sandbox-programs\\\/\",\"name\":\"Sandbox programs - Das Gr\u00fcnderzentrum f\u00fcr technologieorientierte Unternehmen\",\"isPartOf\":{\"@id\":\"https:\\\/\\\/www.igz.de\\\/en\\\/#website\"},\"primaryImageOfPage\":{\"@id\":\"https:\\\/\\\/www.igz.de\\\/en\\\/open-innovation\\\/sandbox-programs\\\/#primaryimage\"},\"image\":{\"@id\":\"https:\\\/\\\/www.igz.de\\\/en\\\/open-innovation\\\/sandbox-programs\\\/#primaryimage\"},\"thumbnailUrl\":\"https:\\\/\\\/www.igz.de\\\/wp-content\\\/uploads\\\/2023\\\/03\\\/logo-modelone-scaled.jpg\",\"datePublished\":\"2022-03-30T08:44:23+00:00\",\"dateModified\":\"2023-03-31T08:14:46+00:00\",\"breadcrumb\":{\"@id\":\"https:\\\/\\\/www.igz.de\\\/en\\\/open-innovation\\\/sandbox-programs\\\/#breadcrumb\"},\"inLanguage\":\"en-US\",\"potentialAction\":[{\"@type\":\"ReadAction\",\"target\":[\"https:\\\/\\\/www.igz.de\\\/en\\\/open-innovation\\\/sandbox-programs\\\/\"]}]},{\"@type\":\"ImageObject\",\"inLanguage\":\"en-US\",\"@id\":\"https:\\\/\\\/www.igz.de\\\/en\\\/open-innovation\\\/sandbox-programs\\\/#primaryimage\",\"url\":\"https:\\\/\\\/www.igz.de\\\/wp-content\\\/uploads\\\/2023\\\/03\\\/logo-modelone-scaled.jpg\",\"contentUrl\":\"https:\\\/\\\/www.igz.de\\\/wp-content\\\/uploads\\\/2023\\\/03\\\/logo-modelone-scaled.jpg\"},{\"@type\":\"BreadcrumbList\",\"@id\":\"https:\\\/\\\/www.igz.de\\\/en\\\/open-innovation\\\/sandbox-programs\\\/#breadcrumb\",\"itemListElement\":[{\"@type\":\"ListItem\",\"position\":1,\"name\":\"Open Innovation\",\"item\":\"https:\\\/\\\/www.igz.de\\\/en\\\/open-innovation\\\/\"},{\"@type\":\"ListItem\",\"position\":2,\"name\":\"Sandbox programs\"}]},{\"@type\":\"WebSite\",\"@id\":\"https:\\\/\\\/www.igz.de\\\/en\\\/#website\",\"url\":\"https:\\\/\\\/www.igz.de\\\/en\\\/\",\"name\":\"Das Gr\u00fcnderzentrum f\u00fcr technologieorientierte Unternehmen\",\"description\":\"Wir sind der Zukunftsstandort f\u00fcr Robotik und Automation in der Metropolregion N\u00fcrnberg \u2022 F\u00fcrth \u2022 Erlangen\",\"publisher\":{\"@id\":\"https:\\\/\\\/www.igz.de\\\/en\\\/#organization\"},\"potentialAction\":[{\"@type\":\"SearchAction\",\"target\":{\"@type\":\"EntryPoint\",\"urlTemplate\":\"https:\\\/\\\/www.igz.de\\\/en\\\/?s={search_term_string}\"},\"query-input\":{\"@type\":\"PropertyValueSpecification\",\"valueRequired\":true,\"valueName\":\"search_term_string\"}}],\"inLanguage\":\"en-US\"},{\"@type\":\"Organization\",\"@id\":\"https:\\\/\\\/www.igz.de\\\/en\\\/#organization\",\"name\":\"Innovations- und Gr\u00fcnderzentrum N\u00fcrnberg \u2022 F\u00fcrth \u2022 Erlangen\",\"url\":\"https:\\\/\\\/www.igz.de\\\/en\\\/\",\"logo\":{\"@type\":\"ImageObject\",\"inLanguage\":\"en-US\",\"@id\":\"https:\\\/\\\/www.igz.de\\\/en\\\/#\\\/schema\\\/logo\\\/image\\\/\",\"url\":\"http:\\\/\\\/wordpress5.rb-media.net\\\/wordpress\\\/igz\\\/wp-content\\\/uploads\\\/2022\\\/03\\\/igz-logo.jpg\",\"contentUrl\":\"http:\\\/\\\/wordpress5.rb-media.net\\\/wordpress\\\/igz\\\/wp-content\\\/uploads\\\/2022\\\/03\\\/igz-logo.jpg\",\"width\":912,\"height\":142,\"caption\":\"Innovations- und Gr\u00fcnderzentrum N\u00fcrnberg \u2022 F\u00fcrth \u2022 Erlangen\"},\"image\":{\"@id\":\"https:\\\/\\\/www.igz.de\\\/en\\\/#\\\/schema\\\/logo\\\/image\\\/\"}}]}<\/script>\n<!-- \/ Yoast SEO plugin. -->","yoast_head_json":{"title":"Sandbox programs - Das Gr\u00fcnderzentrum f\u00fcr technologieorientierte Unternehmen","robots":{"index":"index","follow":"follow","max-snippet":"max-snippet:-1","max-image-preview":"max-image-preview:large","max-video-preview":"max-video-preview:-1"},"canonical":"https:\/\/www.igz.de\/en\/open-innovation\/sandbox-programs\/","og_locale":"en_US","og_type":"article","og_title":"Sandbox programs - Das Gr\u00fcnderzentrum f\u00fcr technologieorientierte Unternehmen","og_description":"ModelOne We support start-up companies to develop validated prototypes and make them eligible for funding and to attract the interest of investors and sponsors. ModelOne is a unique program that aims to drive sustainable collaboration between startups and small and medium-sized enterprises (SMEs). The program is aimed at (Bavarian) founders and startups that have an [&hellip;]","og_url":"https:\/\/www.igz.de\/en\/open-innovation\/sandbox-programs\/","og_site_name":"Das Gr\u00fcnderzentrum f\u00fcr technologieorientierte Unternehmen","article_modified_time":"2023-03-31T08:14:46+00:00","og_image":[{"url":"https:\/\/www.igz.de\/wp-content\/uploads\/2023\/03\/logo-modelone-scaled.jpg","type":"","width":"","height":""}],"twitter_card":"summary_large_image","twitter_misc":{"Est. reading time":"2 minutes"},"schema":{"@context":"https:\/\/schema.org","@graph":[{"@type":"WebPage","@id":"https:\/\/www.igz.de\/en\/open-innovation\/sandbox-programs\/","url":"https:\/\/www.igz.de\/en\/open-innovation\/sandbox-programs\/","name":"Sandbox programs - Das Gr\u00fcnderzentrum f\u00fcr technologieorientierte Unternehmen","isPartOf":{"@id":"https:\/\/www.igz.de\/en\/#website"},"primaryImageOfPage":{"@id":"https:\/\/www.igz.de\/en\/open-innovation\/sandbox-programs\/#primaryimage"},"image":{"@id":"https:\/\/www.igz.de\/en\/open-innovation\/sandbox-programs\/#primaryimage"},"thumbnailUrl":"https:\/\/www.igz.de\/wp-content\/uploads\/2023\/03\/logo-modelone-scaled.jpg","datePublished":"2022-03-30T08:44:23+00:00","dateModified":"2023-03-31T08:14:46+00:00","breadcrumb":{"@id":"https:\/\/www.igz.de\/en\/open-innovation\/sandbox-programs\/#breadcrumb"},"inLanguage":"en-US","potentialAction":[{"@type":"ReadAction","target":["https:\/\/www.igz.de\/en\/open-innovation\/sandbox-programs\/"]}]},{"@type":"ImageObject","inLanguage":"en-US","@id":"https:\/\/www.igz.de\/en\/open-innovation\/sandbox-programs\/#primaryimage","url":"https:\/\/www.igz.de\/wp-content\/uploads\/2023\/03\/logo-modelone-scaled.jpg","contentUrl":"https:\/\/www.igz.de\/wp-content\/uploads\/2023\/03\/logo-modelone-scaled.jpg"},{"@type":"BreadcrumbList","@id":"https:\/\/www.igz.de\/en\/open-innovation\/sandbox-programs\/#breadcrumb","itemListElement":[{"@type":"ListItem","position":1,"name":"Open Innovation","item":"https:\/\/www.igz.de\/en\/open-innovation\/"},{"@type":"ListItem","position":2,"name":"Sandbox programs"}]},{"@type":"WebSite","@id":"https:\/\/www.igz.de\/en\/#website","url":"https:\/\/www.igz.de\/en\/","name":"Das Gr\u00fcnderzentrum f\u00fcr technologieorientierte Unternehmen","description":"Wir sind der Zukunftsstandort f\u00fcr Robotik und Automation in der Metropolregion N\u00fcrnberg \u2022 F\u00fcrth \u2022 Erlangen","publisher":{"@id":"https:\/\/www.igz.de\/en\/#organization"},"potentialAction":[{"@type":"SearchAction","target":{"@type":"EntryPoint","urlTemplate":"https:\/\/www.igz.de\/en\/?s={search_term_string}"},"query-input":{"@type":"PropertyValueSpecification","valueRequired":true,"valueName":"search_term_string"}}],"inLanguage":"en-US"},{"@type":"Organization","@id":"https:\/\/www.igz.de\/en\/#organization","name":"Innovations- und Gr\u00fcnderzentrum N\u00fcrnberg \u2022 F\u00fcrth \u2022 Erlangen","url":"https:\/\/www.igz.de\/en\/","logo":{"@type":"ImageObject","inLanguage":"en-US","@id":"https:\/\/www.igz.de\/en\/#\/schema\/logo\/image\/","url":"http:\/\/wordpress5.rb-media.net\/wordpress\/igz\/wp-content\/uploads\/2022\/03\/igz-logo.jpg","contentUrl":"http:\/\/wordpress5.rb-media.net\/wordpress\/igz\/wp-content\/uploads\/2022\/03\/igz-logo.jpg","width":912,"height":142,"caption":"Innovations- und Gr\u00fcnderzentrum N\u00fcrnberg \u2022 F\u00fcrth \u2022 Erlangen"},"image":{"@id":"https:\/\/www.igz.de\/en\/#\/schema\/logo\/image\/"}}]}},"_links":{"self":[{"href":"https:\/\/www.igz.de\/en\/wp-json\/wp\/v2\/pages\/4109","targetHints":{"allow":["GET"]}}],"collection":[{"href":"https:\/\/www.igz.de\/en\/wp-json\/wp\/v2\/pages"}],"about":[{"href":"https:\/\/www.igz.de\/en\/wp-json\/wp\/v2\/types\/page"}],"author":[{"embeddable":true,"href":"https:\/\/www.igz.de\/en\/wp-json\/wp\/v2\/users\/1"}],"replies":[{"embeddable":true,"href":"https:\/\/www.igz.de\/en\/wp-json\/wp\/v2\/comments?post=4109"}],"version-history":[{"count":1,"href":"https:\/\/www.igz.de\/en\/wp-json\/wp\/v2\/pages\/4109\/revisions"}],"predecessor-version":[{"id":4110,"href":"https:\/\/www.igz.de\/en\/wp-json\/wp\/v2\/pages\/4109\/revisions\/4110"}],"up":[{"embeddable":true,"href":"https:\/\/www.igz.de\/en\/wp-json\/wp\/v2\/pages\/4105"}],"wp:attachment":[{"href":"https:\/\/www.igz.de\/en\/wp-json\/wp\/v2\/media?parent=4109"}],"curies":[{"name":"wp","href":"https:\/\/api.w.org\/{rel}","templated":true}]}}