
{"id":4348,"date":"2022-05-09T15:37:55","date_gmt":"2022-05-09T13:37:55","guid":{"rendered":"https:\/\/www.igz.de\/photo-credits\/"},"modified":"2022-12-22T15:47:35","modified_gmt":"2022-12-22T14:47:35","slug":"photo-credits","status":"publish","type":"page","link":"https:\/\/www.igz.de\/en\/photo-credits\/","title":{"rendered":"Photo credits"},"content":{"rendered":"\t\t<div data-elementor-type=\"wp-page\" data-elementor-id=\"4348\" class=\"elementor elementor-4348 elementor-1885\" data-elementor-post-type=\"page\">\n\t\t\t\t\t\t<section class=\"elementor-section elementor-top-section elementor-element elementor-element-9e45a34 elementor-section-full_width elementor-section-height-default elementor-section-height-default\" data-id=\"9e45a34\" data-element_type=\"section\" data-e-type=\"section\" data-settings=\"{&quot;background_background&quot;:&quot;classic&quot;}\">\n\t\t\t\t\t\t<div class=\"elementor-container elementor-column-gap-no\">\n\t\t\t\t\t<div class=\"elementor-column elementor-col-100 elementor-top-column elementor-element elementor-element-25f75c4\" data-id=\"25f75c4\" data-element_type=\"column\" data-e-type=\"column\">\n\t\t\t<div class=\"elementor-widget-wrap elementor-element-populated\">\n\t\t\t\t\t\t<section class=\"elementor-section elementor-inner-section elementor-element elementor-element-3405ccf elementor-section-boxed elementor-section-height-default elementor-section-height-default\" data-id=\"3405ccf\" data-element_type=\"section\" data-e-type=\"section\" data-settings=\"{&quot;background_background&quot;:&quot;classic&quot;}\">\n\t\t\t\t\t\t\t<div class=\"elementor-background-overlay\"><\/div>\n\t\t\t\t\t\t\t<div class=\"elementor-container elementor-column-gap-default\">\n\t\t\t\t\t<div class=\"elementor-column elementor-col-50 elementor-inner-column elementor-element elementor-element-2314282\" data-id=\"2314282\" data-element_type=\"column\" data-e-type=\"column\">\n\t\t\t<div class=\"elementor-widget-wrap elementor-element-populated\">\n\t\t\t\t\t\t<div class=\"elementor-element elementor-element-6bd07b1 elementor-widget elementor-widget-heading\" data-id=\"6bd07b1\" data-element_type=\"widget\" data-e-type=\"widget\" data-widget_type=\"heading.default\">\n\t\t\t\t<div class=\"elementor-widget-container\">\n\t\t\t\t\t<h1 class=\"elementor-heading-title elementor-size-default\">Photo credits<\/h1>\t\t\t\t<\/div>\n\t\t\t\t<\/div>\n\t\t\t\t\t<\/div>\n\t\t<\/div>\n\t\t\t\t<div class=\"elementor-column elementor-col-50 elementor-inner-column elementor-element elementor-element-588bf6b\" data-id=\"588bf6b\" data-element_type=\"column\" data-e-type=\"column\">\n\t\t\t<div class=\"elementor-widget-wrap\">\n\t\t\t\t\t\t\t<\/div>\n\t\t<\/div>\n\t\t\t\t\t<\/div>\n\t\t<\/section>\n\t\t\t\t\t<\/div>\n\t\t<\/div>\n\t\t\t\t\t<\/div>\n\t\t<\/section>\n\t\t\t\t<section class=\"elementor-section elementor-top-section elementor-element elementor-element-a96c5b1 elementor-section-boxed elementor-section-height-default elementor-section-height-default\" data-id=\"a96c5b1\" data-element_type=\"section\" data-e-type=\"section\">\n\t\t\t\t\t\t<div class=\"elementor-container elementor-column-gap-default\">\n\t\t\t\t\t<div class=\"elementor-column elementor-col-100 elementor-top-column elementor-element elementor-element-0324db5\" data-id=\"0324db5\" data-element_type=\"column\" data-e-type=\"column\">\n\t\t\t<div class=\"elementor-widget-wrap elementor-element-populated\">\n\t\t\t\t\t\t<div class=\"elementor-element elementor-element-a94e8f6 elementor-widget elementor-widget-text-editor\" data-id=\"a94e8f6\" data-element_type=\"widget\" data-e-type=\"widget\" data-widget_type=\"text-editor.default\">\n\t\t\t\t<div class=\"elementor-widget-container\">\n\t\t\t\t\t\t\t\t\t<h4>Graphics and iconography<\/h4>\nAll graphics, illustrations, icons on the website unless otherwise stated: <a href=\"http:\/\/wuenschedesign.de\/startseite\/\">w\u00fcnschedesign<\/a>.\n<h4>Photography:&nbsp;<\/h4>\n<ul>\n<li>Unsplash (<a href=\"https:\/\/unsplash.com\/license\">License terms<\/a>)<\/li>\n<li>Adobe Stock (<a href=\"https:\/\/wwwimages2.adobe.com\/content\/dam\/cc\/de\/legal\/servicetou\/Adobe_Stock_Additional_Terms_de_DE_20200416.pdf\">License terms<\/a>)<\/li>\n<\/ul>\n<h4>Location map preview image&nbsp;<\/h4>Preview image on the Contacts page: Google Maps.\n<h4>Usage note images<\/h4>All image material may only be used in agreement with the named authors\/sources.\t\t\t\t\t\t\t\t<\/div>\n\t\t\t\t<\/div>\n\t\t\t\t\t<\/div>\n\t\t<\/div>\n\t\t\t\t\t<\/div>\n\t\t<\/section>\n\t\t\t\t<\/div>\n\t\t","protected":false},"excerpt":{"rendered":"<p>Photo credits Graphics and iconography All graphics, illustrations, icons on the website unless otherwise stated: w\u00fcnschedesign. Photography:&nbsp; Unsplash (License terms) Adobe Stock (License terms) Location map preview image&nbsp; Preview image on the Contacts page: Google Maps. Usage note images All image material may only be used in agreement with the named authors\/sources.<\/p>\n","protected":false},"author":2,"featured_media":0,"parent":0,"menu_order":0,"comment_status":"closed","ping_status":"closed","template":"","meta":{"_acf_changed":false,"footnotes":""},"class_list":["post-4348","page","type-page","status-publish","hentry"],"acf":[],"yoast_head":"<!-- This site is optimized with the Yoast SEO plugin v27.4 - https:\/\/yoast.com\/product\/yoast-seo-wordpress\/ -->\n<title>Photo credits - Das Gr\u00fcnderzentrum f\u00fcr technologieorientierte Unternehmen<\/title>\n<meta name=\"robots\" content=\"index, follow, max-snippet:-1, max-image-preview:large, max-video-preview:-1\" \/>\n<link rel=\"canonical\" href=\"https:\/\/www.igz.de\/en\/photo-credits\/\" \/>\n<meta property=\"og:locale\" content=\"en_US\" \/>\n<meta property=\"og:type\" content=\"article\" \/>\n<meta property=\"og:title\" content=\"Photo credits - Das Gr\u00fcnderzentrum f\u00fcr technologieorientierte Unternehmen\" \/>\n<meta property=\"og:description\" content=\"Photo credits Graphics and iconography All graphics, illustrations, icons on the website unless otherwise stated: w\u00fcnschedesign. Photography:&nbsp; Unsplash (License terms) Adobe Stock (License terms) Location map preview image&nbsp; Preview image on the Contacts page: Google Maps. Usage note images All image material may only be used in agreement with the named authors\/sources.\" \/>\n<meta property=\"og:url\" content=\"https:\/\/www.igz.de\/en\/photo-credits\/\" \/>\n<meta property=\"og:site_name\" content=\"Das Gr\u00fcnderzentrum f\u00fcr technologieorientierte Unternehmen\" \/>\n<meta property=\"article:modified_time\" content=\"2022-12-22T14:47:35+00:00\" \/>\n<meta name=\"twitter:card\" content=\"summary_large_image\" \/>\n<script type=\"application\/ld+json\" class=\"yoast-schema-graph\">{\"@context\":\"https:\\\/\\\/schema.org\",\"@graph\":[{\"@type\":\"WebPage\",\"@id\":\"https:\\\/\\\/www.igz.de\\\/en\\\/photo-credits\\\/\",\"url\":\"https:\\\/\\\/www.igz.de\\\/en\\\/photo-credits\\\/\",\"name\":\"Photo credits - Das Gr\u00fcnderzentrum f\u00fcr technologieorientierte Unternehmen\",\"isPartOf\":{\"@id\":\"https:\\\/\\\/www.igz.de\\\/en\\\/#website\"},\"datePublished\":\"2022-05-09T13:37:55+00:00\",\"dateModified\":\"2022-12-22T14:47:35+00:00\",\"inLanguage\":\"en-US\",\"potentialAction\":[{\"@type\":\"ReadAction\",\"target\":[\"https:\\\/\\\/www.igz.de\\\/en\\\/photo-credits\\\/\"]}]},{\"@type\":\"WebSite\",\"@id\":\"https:\\\/\\\/www.igz.de\\\/en\\\/#website\",\"url\":\"https:\\\/\\\/www.igz.de\\\/en\\\/\",\"name\":\"Das Gr\u00fcnderzentrum f\u00fcr technologieorientierte Unternehmen\",\"description\":\"Wir sind der Zukunftsstandort f\u00fcr Robotik und Automation in der Metropolregion N\u00fcrnberg \u2022 F\u00fcrth \u2022 Erlangen\",\"publisher\":{\"@id\":\"https:\\\/\\\/www.igz.de\\\/en\\\/#organization\"},\"potentialAction\":[{\"@type\":\"SearchAction\",\"target\":{\"@type\":\"EntryPoint\",\"urlTemplate\":\"https:\\\/\\\/www.igz.de\\\/en\\\/?s={search_term_string}\"},\"query-input\":{\"@type\":\"PropertyValueSpecification\",\"valueRequired\":true,\"valueName\":\"search_term_string\"}}],\"inLanguage\":\"en-US\"},{\"@type\":\"Organization\",\"@id\":\"https:\\\/\\\/www.igz.de\\\/en\\\/#organization\",\"name\":\"Innovations- und Gr\u00fcnderzentrum N\u00fcrnberg \u2022 F\u00fcrth \u2022 Erlangen\",\"url\":\"https:\\\/\\\/www.igz.de\\\/en\\\/\",\"logo\":{\"@type\":\"ImageObject\",\"inLanguage\":\"en-US\",\"@id\":\"https:\\\/\\\/www.igz.de\\\/en\\\/#\\\/schema\\\/logo\\\/image\\\/\",\"url\":\"http:\\\/\\\/wordpress5.rb-media.net\\\/wordpress\\\/igz\\\/wp-content\\\/uploads\\\/2022\\\/03\\\/igz-logo.jpg\",\"contentUrl\":\"http:\\\/\\\/wordpress5.rb-media.net\\\/wordpress\\\/igz\\\/wp-content\\\/uploads\\\/2022\\\/03\\\/igz-logo.jpg\",\"width\":912,\"height\":142,\"caption\":\"Innovations- und Gr\u00fcnderzentrum N\u00fcrnberg \u2022 F\u00fcrth \u2022 Erlangen\"},\"image\":{\"@id\":\"https:\\\/\\\/www.igz.de\\\/en\\\/#\\\/schema\\\/logo\\\/image\\\/\"}}]}<\/script>\n<!-- \/ Yoast SEO plugin. -->","yoast_head_json":{"title":"Photo credits - Das Gr\u00fcnderzentrum f\u00fcr technologieorientierte Unternehmen","robots":{"index":"index","follow":"follow","max-snippet":"max-snippet:-1","max-image-preview":"max-image-preview:large","max-video-preview":"max-video-preview:-1"},"canonical":"https:\/\/www.igz.de\/en\/photo-credits\/","og_locale":"en_US","og_type":"article","og_title":"Photo credits - Das Gr\u00fcnderzentrum f\u00fcr technologieorientierte Unternehmen","og_description":"Photo credits Graphics and iconography All graphics, illustrations, icons on the website unless otherwise stated: w\u00fcnschedesign. Photography:&nbsp; Unsplash (License terms) Adobe Stock (License terms) Location map preview image&nbsp; Preview image on the Contacts page: Google Maps. Usage note images All image material may only be used in agreement with the named authors\/sources.","og_url":"https:\/\/www.igz.de\/en\/photo-credits\/","og_site_name":"Das Gr\u00fcnderzentrum f\u00fcr technologieorientierte Unternehmen","article_modified_time":"2022-12-22T14:47:35+00:00","twitter_card":"summary_large_image","schema":{"@context":"https:\/\/schema.org","@graph":[{"@type":"WebPage","@id":"https:\/\/www.igz.de\/en\/photo-credits\/","url":"https:\/\/www.igz.de\/en\/photo-credits\/","name":"Photo credits - Das Gr\u00fcnderzentrum f\u00fcr technologieorientierte Unternehmen","isPartOf":{"@id":"https:\/\/www.igz.de\/en\/#website"},"datePublished":"2022-05-09T13:37:55+00:00","dateModified":"2022-12-22T14:47:35+00:00","inLanguage":"en-US","potentialAction":[{"@type":"ReadAction","target":["https:\/\/www.igz.de\/en\/photo-credits\/"]}]},{"@type":"WebSite","@id":"https:\/\/www.igz.de\/en\/#website","url":"https:\/\/www.igz.de\/en\/","name":"Das Gr\u00fcnderzentrum f\u00fcr technologieorientierte Unternehmen","description":"Wir sind der Zukunftsstandort f\u00fcr Robotik und Automation in der Metropolregion N\u00fcrnberg \u2022 F\u00fcrth \u2022 Erlangen","publisher":{"@id":"https:\/\/www.igz.de\/en\/#organization"},"potentialAction":[{"@type":"SearchAction","target":{"@type":"EntryPoint","urlTemplate":"https:\/\/www.igz.de\/en\/?s={search_term_string}"},"query-input":{"@type":"PropertyValueSpecification","valueRequired":true,"valueName":"search_term_string"}}],"inLanguage":"en-US"},{"@type":"Organization","@id":"https:\/\/www.igz.de\/en\/#organization","name":"Innovations- und Gr\u00fcnderzentrum N\u00fcrnberg \u2022 F\u00fcrth \u2022 Erlangen","url":"https:\/\/www.igz.de\/en\/","logo":{"@type":"ImageObject","inLanguage":"en-US","@id":"https:\/\/www.igz.de\/en\/#\/schema\/logo\/image\/","url":"http:\/\/wordpress5.rb-media.net\/wordpress\/igz\/wp-content\/uploads\/2022\/03\/igz-logo.jpg","contentUrl":"http:\/\/wordpress5.rb-media.net\/wordpress\/igz\/wp-content\/uploads\/2022\/03\/igz-logo.jpg","width":912,"height":142,"caption":"Innovations- und Gr\u00fcnderzentrum N\u00fcrnberg \u2022 F\u00fcrth \u2022 Erlangen"},"image":{"@id":"https:\/\/www.igz.de\/en\/#\/schema\/logo\/image\/"}}]}},"_links":{"self":[{"href":"https:\/\/www.igz.de\/en\/wp-json\/wp\/v2\/pages\/4348","targetHints":{"allow":["GET"]}}],"collection":[{"href":"https:\/\/www.igz.de\/en\/wp-json\/wp\/v2\/pages"}],"about":[{"href":"https:\/\/www.igz.de\/en\/wp-json\/wp\/v2\/types\/page"}],"author":[{"embeddable":true,"href":"https:\/\/www.igz.de\/en\/wp-json\/wp\/v2\/users\/2"}],"replies":[{"embeddable":true,"href":"https:\/\/www.igz.de\/en\/wp-json\/wp\/v2\/comments?post=4348"}],"version-history":[{"count":1,"href":"https:\/\/www.igz.de\/en\/wp-json\/wp\/v2\/pages\/4348\/revisions"}],"predecessor-version":[{"id":4349,"href":"https:\/\/www.igz.de\/en\/wp-json\/wp\/v2\/pages\/4348\/revisions\/4349"}],"wp:attachment":[{"href":"https:\/\/www.igz.de\/en\/wp-json\/wp\/v2\/media?parent=4348"}],"curies":[{"name":"wp","href":"https:\/\/api.w.org\/{rel}","templated":true}]}}