
{"id":4362,"date":"2022-05-13T14:44:53","date_gmt":"2022-05-13T12:44:53","guid":{"rendered":"https:\/\/www.igz.de\/igz-intranet\/intranet-of-the-igz\/"},"modified":"2022-12-22T15:54:47","modified_gmt":"2022-12-22T14:54:47","slug":"intranet-of-the-igz","status":"publish","type":"page","link":"https:\/\/www.igz.de\/en\/igz-intranet\/intranet-of-the-igz\/","title":{"rendered":"Intranet of the IGZ"},"content":{"rendered":"\t\t<div data-elementor-type=\"wp-page\" data-elementor-id=\"4362\" class=\"elementor elementor-4362 elementor-2192\" data-elementor-post-type=\"page\">\n\t\t\t\t\t\t<section class=\"elementor-section elementor-top-section elementor-element elementor-element-8ef8143 elementor-section-boxed elementor-section-height-default elementor-section-height-default\" data-id=\"8ef8143\" data-element_type=\"section\" data-e-type=\"section\">\n\t\t\t\t\t\t<div class=\"elementor-container elementor-column-gap-default\">\n\t\t\t\t\t<div class=\"elementor-column elementor-col-100 elementor-top-column elementor-element elementor-element-8352726\" data-id=\"8352726\" data-element_type=\"column\" data-e-type=\"column\">\n\t\t\t<div class=\"elementor-widget-wrap elementor-element-populated\">\n\t\t\t\t\t\t<div class=\"elementor-element elementor-element-de3a4fa elementor-widget elementor-widget-heading\" data-id=\"de3a4fa\" data-element_type=\"widget\" data-e-type=\"widget\" data-widget_type=\"heading.default\">\n\t\t\t\t<div class=\"elementor-widget-container\">\n\t\t\t\t\t<h1 class=\"elementor-heading-title elementor-size-default\">Access to the IGZ Intranet<\/h1>\t\t\t\t<\/div>\n\t\t\t\t<\/div>\n\t\t\t\t\t<\/div>\n\t\t<\/div>\n\t\t\t\t\t<\/div>\n\t\t<\/section>\n\t\t\t\t<section class=\"elementor-section elementor-top-section elementor-element elementor-element-e7c1dd7 elementor-section-boxed elementor-section-height-default elementor-section-height-default\" data-id=\"e7c1dd7\" data-element_type=\"section\" data-e-type=\"section\">\n\t\t\t\t\t\t<div class=\"elementor-container elementor-column-gap-default\">\n\t\t\t\t\t<div class=\"elementor-column elementor-col-100 elementor-top-column elementor-element elementor-element-b60c2f6\" data-id=\"b60c2f6\" data-element_type=\"column\" data-e-type=\"column\">\n\t\t\t<div class=\"elementor-widget-wrap elementor-element-populated\">\n\t\t\t\t\t\t<div class=\"elementor-element elementor-element-072d6b8 elementor-widget elementor-widget-text-editor\" data-id=\"072d6b8\" data-element_type=\"widget\" data-e-type=\"widget\" data-widget_type=\"text-editor.default\">\n\t\t\t\t<div class=\"elementor-widget-container\">\n\t\t\t\t\t\t\t\t\t<p><div id=\"wpmem_login\"><a id=\"login\"><\/a><form action=\"https:\/\/www.igz.de\/en\/igz-intranet\/intranet-of-the-igz\/\" method=\"POST\" id=\"wpmem_login_form\" class=\"form\"><input type=\"hidden\" id=\"_wpmem_login_nonce\" name=\"_wpmem_login_nonce\" value=\"7a74fae5ca\" \/><input type=\"hidden\" name=\"_wp_http_referer\" value=\"\/en\/wp-json\/wp\/v2\/pages\/4362\" \/><fieldset><legend>Existing Users Log In<\/legend><label for=\"log\">Username or Email<\/label><div class=\"div_text\"><input name=\"log\" type=\"text\" id=\"log\" value=\"\" class=\"username\" required  \/><\/div><label for=\"pwd\">Password<\/label><div class=\"div_text\"><input name=\"pwd\" type=\"password\" id=\"pwd\" class=\"password\" required  \/><\/div><input name=\"a\" type=\"hidden\" value=\"login\" \/><input name=\"redirect_to\" type=\"hidden\" value=\"https:\/\/www.igz.de\/igz-intranet\/igz-mitteilungen\/\" \/><div class=\"button_div\"><input name=\"rememberme\" type=\"checkbox\" id=\"rememberme\" value=\"forever\" \/>&nbsp;<label for=\"rememberme\">Remember Me<\/label>&nbsp;&nbsp;<input type=\"submit\" name=\"Submit\" value=\"Log In\" class=\"buttons\" \/><\/div><div class=\"link-text\"><span class=\"link-text-forgot\">Forgot password?&nbsp;<a href=\"https:\/\/www.igz.de\/en\/igz-intranet\/profile\/?a=pwdreset\">Click here to reset<\/a><\/span><\/div><div class=\"link-text\"><span class=\"link-text-register\">New User?&nbsp;<a href=\"https:\/\/www.igz.de\/en\/igz-intranet\/registration\/\">Click here to register<\/a><\/span><\/div><\/fieldset><\/form><\/div><\/p>\n\t\t\t\t\t\t\t\t<\/div>\n\t\t\t\t<\/div>\n\t\t\t\t\t<\/div>\n\t\t<\/div>\n\t\t\t\t\t<\/div>\n\t\t<\/section>\n\t\t\t\t<\/div>\n\t\t","protected":false},"excerpt":{"rendered":"<p>Access to the IGZ Intranet<\/p>\n","protected":false},"author":1,"featured_media":0,"parent":4327,"menu_order":0,"comment_status":"closed","ping_status":"closed","template":"","meta":{"_acf_changed":false,"footnotes":""},"class_list":["post-4362","page","type-page","status-publish","hentry"],"acf":[],"yoast_head":"<!-- This site is optimized with the Yoast SEO plugin v27.4 - https:\/\/yoast.com\/product\/yoast-seo-wordpress\/ -->\n<title>Intranet of the IGZ - Das Gr\u00fcnderzentrum f\u00fcr technologieorientierte Unternehmen<\/title>\n<meta name=\"robots\" content=\"index, follow, max-snippet:-1, max-image-preview:large, max-video-preview:-1\" \/>\n<link rel=\"canonical\" href=\"https:\/\/www.igz.de\/en\/igz-intranet\/intranet-of-the-igz\/\" \/>\n<meta property=\"og:locale\" content=\"en_US\" \/>\n<meta property=\"og:type\" content=\"article\" \/>\n<meta property=\"og:title\" content=\"Intranet of the IGZ - Das Gr\u00fcnderzentrum f\u00fcr technologieorientierte Unternehmen\" \/>\n<meta property=\"og:description\" content=\"Access to the IGZ Intranet\" \/>\n<meta property=\"og:url\" content=\"https:\/\/www.igz.de\/en\/igz-intranet\/intranet-of-the-igz\/\" \/>\n<meta property=\"og:site_name\" content=\"Das Gr\u00fcnderzentrum f\u00fcr technologieorientierte Unternehmen\" \/>\n<meta property=\"article:modified_time\" content=\"2022-12-22T14:54:47+00:00\" \/>\n<meta name=\"twitter:card\" content=\"summary_large_image\" \/>\n<script type=\"application\/ld+json\" class=\"yoast-schema-graph\">{\"@context\":\"https:\\\/\\\/schema.org\",\"@graph\":[{\"@type\":\"WebPage\",\"@id\":\"https:\\\/\\\/www.igz.de\\\/en\\\/igz-intranet\\\/intranet-of-the-igz\\\/\",\"url\":\"https:\\\/\\\/www.igz.de\\\/en\\\/igz-intranet\\\/intranet-of-the-igz\\\/\",\"name\":\"Intranet of the IGZ - Das Gr\u00fcnderzentrum f\u00fcr technologieorientierte Unternehmen\",\"isPartOf\":{\"@id\":\"https:\\\/\\\/www.igz.de\\\/en\\\/#website\"},\"datePublished\":\"2022-05-13T12:44:53+00:00\",\"dateModified\":\"2022-12-22T14:54:47+00:00\",\"breadcrumb\":{\"@id\":\"https:\\\/\\\/www.igz.de\\\/en\\\/igz-intranet\\\/intranet-of-the-igz\\\/#breadcrumb\"},\"inLanguage\":\"en-US\",\"potentialAction\":[{\"@type\":\"ReadAction\",\"target\":[\"https:\\\/\\\/www.igz.de\\\/en\\\/igz-intranet\\\/intranet-of-the-igz\\\/\"]}]},{\"@type\":\"BreadcrumbList\",\"@id\":\"https:\\\/\\\/www.igz.de\\\/en\\\/igz-intranet\\\/intranet-of-the-igz\\\/#breadcrumb\",\"itemListElement\":[{\"@type\":\"ListItem\",\"position\":1,\"name\":\"IGZ Intranet\",\"item\":\"https:\\\/\\\/www.igz.de\\\/en\\\/igz-intranet\\\/\"},{\"@type\":\"ListItem\",\"position\":2,\"name\":\"Intranet of the IGZ\"}]},{\"@type\":\"WebSite\",\"@id\":\"https:\\\/\\\/www.igz.de\\\/en\\\/#website\",\"url\":\"https:\\\/\\\/www.igz.de\\\/en\\\/\",\"name\":\"Das Gr\u00fcnderzentrum f\u00fcr technologieorientierte Unternehmen\",\"description\":\"Wir sind der Zukunftsstandort f\u00fcr Robotik und Automation in der Metropolregion N\u00fcrnberg \u2022 F\u00fcrth \u2022 Erlangen\",\"publisher\":{\"@id\":\"https:\\\/\\\/www.igz.de\\\/en\\\/#organization\"},\"potentialAction\":[{\"@type\":\"SearchAction\",\"target\":{\"@type\":\"EntryPoint\",\"urlTemplate\":\"https:\\\/\\\/www.igz.de\\\/en\\\/?s={search_term_string}\"},\"query-input\":{\"@type\":\"PropertyValueSpecification\",\"valueRequired\":true,\"valueName\":\"search_term_string\"}}],\"inLanguage\":\"en-US\"},{\"@type\":\"Organization\",\"@id\":\"https:\\\/\\\/www.igz.de\\\/en\\\/#organization\",\"name\":\"Innovations- und Gr\u00fcnderzentrum N\u00fcrnberg \u2022 F\u00fcrth \u2022 Erlangen\",\"url\":\"https:\\\/\\\/www.igz.de\\\/en\\\/\",\"logo\":{\"@type\":\"ImageObject\",\"inLanguage\":\"en-US\",\"@id\":\"https:\\\/\\\/www.igz.de\\\/en\\\/#\\\/schema\\\/logo\\\/image\\\/\",\"url\":\"http:\\\/\\\/wordpress5.rb-media.net\\\/wordpress\\\/igz\\\/wp-content\\\/uploads\\\/2022\\\/03\\\/igz-logo.jpg\",\"contentUrl\":\"http:\\\/\\\/wordpress5.rb-media.net\\\/wordpress\\\/igz\\\/wp-content\\\/uploads\\\/2022\\\/03\\\/igz-logo.jpg\",\"width\":912,\"height\":142,\"caption\":\"Innovations- und Gr\u00fcnderzentrum N\u00fcrnberg \u2022 F\u00fcrth \u2022 Erlangen\"},\"image\":{\"@id\":\"https:\\\/\\\/www.igz.de\\\/en\\\/#\\\/schema\\\/logo\\\/image\\\/\"}}]}<\/script>\n<!-- \/ Yoast SEO plugin. -->","yoast_head_json":{"title":"Intranet of the IGZ - Das Gr\u00fcnderzentrum f\u00fcr technologieorientierte Unternehmen","robots":{"index":"index","follow":"follow","max-snippet":"max-snippet:-1","max-image-preview":"max-image-preview:large","max-video-preview":"max-video-preview:-1"},"canonical":"https:\/\/www.igz.de\/en\/igz-intranet\/intranet-of-the-igz\/","og_locale":"en_US","og_type":"article","og_title":"Intranet of the IGZ - Das Gr\u00fcnderzentrum f\u00fcr technologieorientierte Unternehmen","og_description":"Access to the IGZ Intranet","og_url":"https:\/\/www.igz.de\/en\/igz-intranet\/intranet-of-the-igz\/","og_site_name":"Das Gr\u00fcnderzentrum f\u00fcr technologieorientierte Unternehmen","article_modified_time":"2022-12-22T14:54:47+00:00","twitter_card":"summary_large_image","schema":{"@context":"https:\/\/schema.org","@graph":[{"@type":"WebPage","@id":"https:\/\/www.igz.de\/en\/igz-intranet\/intranet-of-the-igz\/","url":"https:\/\/www.igz.de\/en\/igz-intranet\/intranet-of-the-igz\/","name":"Intranet of the IGZ - Das Gr\u00fcnderzentrum f\u00fcr technologieorientierte Unternehmen","isPartOf":{"@id":"https:\/\/www.igz.de\/en\/#website"},"datePublished":"2022-05-13T12:44:53+00:00","dateModified":"2022-12-22T14:54:47+00:00","breadcrumb":{"@id":"https:\/\/www.igz.de\/en\/igz-intranet\/intranet-of-the-igz\/#breadcrumb"},"inLanguage":"en-US","potentialAction":[{"@type":"ReadAction","target":["https:\/\/www.igz.de\/en\/igz-intranet\/intranet-of-the-igz\/"]}]},{"@type":"BreadcrumbList","@id":"https:\/\/www.igz.de\/en\/igz-intranet\/intranet-of-the-igz\/#breadcrumb","itemListElement":[{"@type":"ListItem","position":1,"name":"IGZ Intranet","item":"https:\/\/www.igz.de\/en\/igz-intranet\/"},{"@type":"ListItem","position":2,"name":"Intranet of the IGZ"}]},{"@type":"WebSite","@id":"https:\/\/www.igz.de\/en\/#website","url":"https:\/\/www.igz.de\/en\/","name":"Das Gr\u00fcnderzentrum f\u00fcr technologieorientierte Unternehmen","description":"Wir sind der Zukunftsstandort f\u00fcr Robotik und Automation in der Metropolregion N\u00fcrnberg \u2022 F\u00fcrth \u2022 Erlangen","publisher":{"@id":"https:\/\/www.igz.de\/en\/#organization"},"potentialAction":[{"@type":"SearchAction","target":{"@type":"EntryPoint","urlTemplate":"https:\/\/www.igz.de\/en\/?s={search_term_string}"},"query-input":{"@type":"PropertyValueSpecification","valueRequired":true,"valueName":"search_term_string"}}],"inLanguage":"en-US"},{"@type":"Organization","@id":"https:\/\/www.igz.de\/en\/#organization","name":"Innovations- und Gr\u00fcnderzentrum N\u00fcrnberg \u2022 F\u00fcrth \u2022 Erlangen","url":"https:\/\/www.igz.de\/en\/","logo":{"@type":"ImageObject","inLanguage":"en-US","@id":"https:\/\/www.igz.de\/en\/#\/schema\/logo\/image\/","url":"http:\/\/wordpress5.rb-media.net\/wordpress\/igz\/wp-content\/uploads\/2022\/03\/igz-logo.jpg","contentUrl":"http:\/\/wordpress5.rb-media.net\/wordpress\/igz\/wp-content\/uploads\/2022\/03\/igz-logo.jpg","width":912,"height":142,"caption":"Innovations- und Gr\u00fcnderzentrum N\u00fcrnberg \u2022 F\u00fcrth \u2022 Erlangen"},"image":{"@id":"https:\/\/www.igz.de\/en\/#\/schema\/logo\/image\/"}}]}},"_links":{"self":[{"href":"https:\/\/www.igz.de\/en\/wp-json\/wp\/v2\/pages\/4362","targetHints":{"allow":["GET"]}}],"collection":[{"href":"https:\/\/www.igz.de\/en\/wp-json\/wp\/v2\/pages"}],"about":[{"href":"https:\/\/www.igz.de\/en\/wp-json\/wp\/v2\/types\/page"}],"author":[{"embeddable":true,"href":"https:\/\/www.igz.de\/en\/wp-json\/wp\/v2\/users\/1"}],"replies":[{"embeddable":true,"href":"https:\/\/www.igz.de\/en\/wp-json\/wp\/v2\/comments?post=4362"}],"version-history":[{"count":1,"href":"https:\/\/www.igz.de\/en\/wp-json\/wp\/v2\/pages\/4362\/revisions"}],"predecessor-version":[{"id":4363,"href":"https:\/\/www.igz.de\/en\/wp-json\/wp\/v2\/pages\/4362\/revisions\/4363"}],"up":[{"embeddable":true,"href":"https:\/\/www.igz.de\/en\/wp-json\/wp\/v2\/pages\/4327"}],"wp:attachment":[{"href":"https:\/\/www.igz.de\/en\/wp-json\/wp\/v2\/media?parent=4362"}],"curies":[{"name":"wp","href":"https:\/\/api.w.org\/{rel}","templated":true}]}}