
{"id":4462,"date":"2022-04-29T09:52:19","date_gmt":"2022-04-29T07:52:19","guid":{"rendered":"https:\/\/www.igz.de\/data-privacy\/"},"modified":"2023-01-17T09:29:24","modified_gmt":"2023-01-17T08:29:24","slug":"data-privacy","status":"publish","type":"page","link":"https:\/\/www.igz.de\/en\/data-privacy\/","title":{"rendered":"Data privacy"},"content":{"rendered":"\t\t<div data-elementor-type=\"wp-page\" data-elementor-id=\"4462\" class=\"elementor elementor-4462 elementor-1687\" data-elementor-post-type=\"page\">\n\t\t\t\t\t\t<section class=\"elementor-section elementor-top-section elementor-element elementor-element-9e45a34 elementor-section-full_width elementor-section-height-default elementor-section-height-default\" data-id=\"9e45a34\" data-element_type=\"section\" data-e-type=\"section\" data-settings=\"{&quot;background_background&quot;:&quot;classic&quot;}\">\n\t\t\t\t\t\t<div class=\"elementor-container elementor-column-gap-no\">\n\t\t\t\t\t<div class=\"elementor-column elementor-col-100 elementor-top-column elementor-element elementor-element-25f75c4\" data-id=\"25f75c4\" data-element_type=\"column\" data-e-type=\"column\">\n\t\t\t<div class=\"elementor-widget-wrap elementor-element-populated\">\n\t\t\t\t\t\t<section class=\"elementor-section elementor-inner-section elementor-element elementor-element-3405ccf elementor-section-boxed elementor-section-height-default elementor-section-height-default\" data-id=\"3405ccf\" data-element_type=\"section\" data-e-type=\"section\" data-settings=\"{&quot;background_background&quot;:&quot;classic&quot;}\">\n\t\t\t\t\t\t\t<div class=\"elementor-background-overlay\"><\/div>\n\t\t\t\t\t\t\t<div class=\"elementor-container elementor-column-gap-default\">\n\t\t\t\t\t<div class=\"elementor-column elementor-col-50 elementor-inner-column elementor-element elementor-element-2314282\" data-id=\"2314282\" data-element_type=\"column\" data-e-type=\"column\">\n\t\t\t<div class=\"elementor-widget-wrap elementor-element-populated\">\n\t\t\t\t\t\t<div class=\"elementor-element elementor-element-6bd07b1 elementor-widget elementor-widget-heading\" data-id=\"6bd07b1\" data-element_type=\"widget\" data-e-type=\"widget\" data-widget_type=\"heading.default\">\n\t\t\t\t<div class=\"elementor-widget-container\">\n\t\t\t\t\t<h1 class=\"elementor-heading-title elementor-size-default\">Data privacy<\/h1>\t\t\t\t<\/div>\n\t\t\t\t<\/div>\n\t\t\t\t\t<\/div>\n\t\t<\/div>\n\t\t\t\t<div class=\"elementor-column elementor-col-50 elementor-inner-column elementor-element elementor-element-588bf6b\" data-id=\"588bf6b\" data-element_type=\"column\" data-e-type=\"column\">\n\t\t\t<div class=\"elementor-widget-wrap\">\n\t\t\t\t\t\t\t<\/div>\n\t\t<\/div>\n\t\t\t\t\t<\/div>\n\t\t<\/section>\n\t\t\t\t\t<\/div>\n\t\t<\/div>\n\t\t\t\t\t<\/div>\n\t\t<\/section>\n\t\t\t\t<section class=\"elementor-section elementor-top-section elementor-element elementor-element-a96c5b1 elementor-section-boxed elementor-section-height-default elementor-section-height-default\" data-id=\"a96c5b1\" data-element_type=\"section\" data-e-type=\"section\">\n\t\t\t\t\t\t<div class=\"elementor-container elementor-column-gap-default\">\n\t\t\t\t\t<div class=\"elementor-column elementor-col-100 elementor-top-column elementor-element elementor-element-0324db5\" data-id=\"0324db5\" data-element_type=\"column\" data-e-type=\"column\">\n\t\t\t<div class=\"elementor-widget-wrap elementor-element-populated\">\n\t\t\t\t\t\t<section class=\"elementor-section elementor-inner-section elementor-element elementor-element-1ba4c76 elementor-section-boxed elementor-section-height-default elementor-section-height-default\" data-id=\"1ba4c76\" data-element_type=\"section\" data-e-type=\"section\">\n\t\t\t\t\t\t<div class=\"elementor-container elementor-column-gap-default\">\n\t\t\t\t\t<div class=\"elementor-column elementor-col-50 elementor-inner-column elementor-element elementor-element-dfec818\" data-id=\"dfec818\" data-element_type=\"column\" data-e-type=\"column\">\n\t\t\t<div class=\"elementor-widget-wrap elementor-element-populated\">\n\t\t\t\t\t\t<div class=\"elementor-element elementor-element-a94e8f6 elementor-widget elementor-widget-text-editor\" data-id=\"a94e8f6\" data-element_type=\"widget\" data-e-type=\"widget\" data-widget_type=\"text-editor.default\">\n\t\t\t\t<div class=\"elementor-widget-container\">\n\t\t\t\t\t\t\t\t\t<h3>Visit of our homepage<\/h3>\n<p>Our Internet pages are hosted by a service provider. Its web server stores as part of the access log files:<\/p>\n<ul>\n<li>the IP address of the Internet service provider<\/li>\n<li>the log name of the requesting server<\/li>\n<li>the web page from which the page is accessed<\/li>\n<li>the transferred traffic volume<\/li>\n<li>the date and duration of the visit.<\/li>\n<\/ul>\n<p>A personalized evaluation of this data does not take place.<\/p>\n<p>To protect the transmission of confidential content and for security reasons, our website uses SSL or TLS encryption.<\/p>\n<p>We do not use cookies or tracking software.<\/p>\n<h3>Use and disclosure of personal data; purpose limitation<\/h3>\n<p>Personal data is only collected if you voluntarily provide it to us, for example in the context of a contact, registration or survey, through our contact form. Data collection, processing and use takes place in order to be able to inform you about our offers and events. This consent to data processing can be revoked at any time. An exception applies in those cases where it is not possible to obtain prior consent for factual reasons and the processing of the data is permitted by legal regulations.<\/p>\n<h3>Legal basis<\/h3>\n<p>Insofar as we obtain the consent of the data subjects for the processing operations of personal data, Art. 6 para. 1 lit. a EU Data Protection Regulation (DSGVO) as the legal basis.<br \/>When processing personal data that is necessary for the performance of a contract to which the data subject is a party, Art. 6 para. 1 lit. b DSGVO as the legal basis. This also applies to processing operations that are necessary for the performance of pre-contractual measures.<br \/>Insofar as processing is necessary for compliance with a legal obligation to which our company is subject, the legal basis is<br \/>Art.6 Para.1 lit.c.<br \/>If the processing is necessary to protect a legitimate interest of our company and the interests, fundamental rights and freedoms of the data subject do not override the first-mentioned interest, Art. 6 para. 1 lit. f DSGVO as the legal basis for the processing.<\/p>\n<p>All data will be stored and processed by us and will not be passed on to third parties.<\/p>\n<h3>Right of information, right of withdrawal, rectification and deletion<\/h3>\n<p>Upon request, we will inform you in writing whether and which personal data about you are stored by us (Art. 15 DSGVO).<\/p>\n<p>You have the right to revoke your consent at any time. (Art. 7 para.3 DSGVO,) as well as to the correction of inaccurate data (Art. 16 DSGVO) and the right to erasure (Art. 17 DSGVO).<\/p>\n<p>If you have any questions regarding the processing of your personal data, please contact the IGZ directly:<br \/>Tel: 09131\/691-100<br \/>Fax: 09131\/691-111<br \/>E-mail: info@igz.de<\/p>\n<h3>Complaints department<\/h3>\n<p>Bavarian State Office for Data Protection Supervision (BayLDA)<br \/>Promenade 27<br \/>91522 Ansbach<\/p>\n<p>https:\/\/www.lda.bayern.de\/de\/beschwerde.html<\/p>\n<h3>Public procedure directory<\/h3>\n<p>Name of the responsible entity<br \/>IGZ Innovations- und Gr\u00fcnderzentrum N\u00fcrnberg-F\u00fcrth-Erlangen GmbH<\/p>\n<h3>CEO<\/h3>\n<p>Dipl.-Ing. Matthias Hiegl<\/p>\n<h3>Address of the responsible entity<\/h3>\n<p>Am Weichselgarten 7, 91058 Erlangen<\/p>\n<h3>Purpose of the data collection, processing or use<\/h3>\n<p>The object of the company is the formation of a location community for predominantly newly established companies that develop technologically new products, processes and services. The aim is to strengthen the innovative power of the regional economy and to create new future-oriented jobs, especially for medium-sized companies (excerpt from \u00a72 of the IGZ partnership agreement). Information and communication events are also held for this purpose. Data collection, processing and use takes place in order to be able to refer to the offers of the IGZ and its events.<br \/>Description of the groups of persons concerned and the related data or data categories<br \/>Data of IGZ partners, people interested in the offers of the IGZ as well as speakers and participants of IGZ events<\/p>\n<h3>Standard deadlines for deletion<\/h3>\n<p>The personal data of the data subject will be deleted or blocked as soon as the purpose of storage ceases to apply.<br \/>Furthermore, the deletion of the data takes place at the request of the person concerned.<\/p>\n<h3>Data transfer to third countries<\/h3>\n<p>No transmission to third countries.<\/p>\n\t\t\t\t\t\t\t\t<\/div>\n\t\t\t\t<\/div>\n\t\t\t\t\t<\/div>\n\t\t<\/div>\n\t\t\t\t<div class=\"elementor-column elementor-col-50 elementor-inner-column elementor-element elementor-element-8621888\" data-id=\"8621888\" data-element_type=\"column\" data-e-type=\"column\">\n\t\t\t<div class=\"elementor-widget-wrap\">\n\t\t\t\t\t\t\t<\/div>\n\t\t<\/div>\n\t\t\t\t\t<\/div>\n\t\t<\/section>\n\t\t\t\t\t<\/div>\n\t\t<\/div>\n\t\t\t\t\t<\/div>\n\t\t<\/section>\n\t\t\t\t<\/div>\n\t\t","protected":false},"excerpt":{"rendered":"<p>Data privacy Visit of our homepage Our Internet pages are hosted by a service provider. Its web server stores as part of the access log files: the IP address of the Internet service provider the log name of the requesting server the web page from which the page is accessed the transferred traffic volume the [&hellip;]<\/p>\n","protected":false},"author":2,"featured_media":0,"parent":0,"menu_order":0,"comment_status":"closed","ping_status":"closed","template":"","meta":{"_acf_changed":false,"footnotes":""},"class_list":["post-4462","page","type-page","status-publish","hentry"],"acf":[],"yoast_head":"<!-- This site is optimized with the Yoast SEO plugin v27.4 - https:\/\/yoast.com\/product\/yoast-seo-wordpress\/ -->\n<title>Data privacy - Das Gr\u00fcnderzentrum f\u00fcr technologieorientierte Unternehmen<\/title>\n<meta name=\"robots\" content=\"index, follow, max-snippet:-1, max-image-preview:large, max-video-preview:-1\" \/>\n<link rel=\"canonical\" href=\"https:\/\/www.igz.de\/en\/data-privacy\/\" \/>\n<meta property=\"og:locale\" content=\"en_US\" \/>\n<meta property=\"og:type\" content=\"article\" \/>\n<meta property=\"og:title\" content=\"Data privacy - Das Gr\u00fcnderzentrum f\u00fcr technologieorientierte Unternehmen\" \/>\n<meta property=\"og:description\" content=\"Data privacy Visit of our homepage Our Internet pages are hosted by a service provider. Its web server stores as part of the access log files: the IP address of the Internet service provider the log name of the requesting server the web page from which the page is accessed the transferred traffic volume the [&hellip;]\" \/>\n<meta property=\"og:url\" content=\"https:\/\/www.igz.de\/en\/data-privacy\/\" \/>\n<meta property=\"og:site_name\" content=\"Das Gr\u00fcnderzentrum f\u00fcr technologieorientierte Unternehmen\" \/>\n<meta property=\"article:modified_time\" content=\"2023-01-17T08:29:24+00:00\" \/>\n<meta name=\"twitter:card\" content=\"summary_large_image\" \/>\n<meta name=\"twitter:label1\" content=\"Est. reading time\" \/>\n\t<meta name=\"twitter:data1\" content=\"3 minutes\" \/>\n<script type=\"application\/ld+json\" class=\"yoast-schema-graph\">{\"@context\":\"https:\\\/\\\/schema.org\",\"@graph\":[{\"@type\":\"WebPage\",\"@id\":\"https:\\\/\\\/www.igz.de\\\/en\\\/data-privacy\\\/\",\"url\":\"https:\\\/\\\/www.igz.de\\\/en\\\/data-privacy\\\/\",\"name\":\"Data privacy - Das Gr\u00fcnderzentrum f\u00fcr technologieorientierte Unternehmen\",\"isPartOf\":{\"@id\":\"https:\\\/\\\/www.igz.de\\\/en\\\/#website\"},\"datePublished\":\"2022-04-29T07:52:19+00:00\",\"dateModified\":\"2023-01-17T08:29:24+00:00\",\"inLanguage\":\"en-US\",\"potentialAction\":[{\"@type\":\"ReadAction\",\"target\":[\"https:\\\/\\\/www.igz.de\\\/en\\\/data-privacy\\\/\"]}]},{\"@type\":\"WebSite\",\"@id\":\"https:\\\/\\\/www.igz.de\\\/en\\\/#website\",\"url\":\"https:\\\/\\\/www.igz.de\\\/en\\\/\",\"name\":\"Das Gr\u00fcnderzentrum f\u00fcr technologieorientierte Unternehmen\",\"description\":\"Wir sind der Zukunftsstandort f\u00fcr Robotik und Automation in der Metropolregion N\u00fcrnberg \u2022 F\u00fcrth \u2022 Erlangen\",\"publisher\":{\"@id\":\"https:\\\/\\\/www.igz.de\\\/en\\\/#organization\"},\"potentialAction\":[{\"@type\":\"SearchAction\",\"target\":{\"@type\":\"EntryPoint\",\"urlTemplate\":\"https:\\\/\\\/www.igz.de\\\/en\\\/?s={search_term_string}\"},\"query-input\":{\"@type\":\"PropertyValueSpecification\",\"valueRequired\":true,\"valueName\":\"search_term_string\"}}],\"inLanguage\":\"en-US\"},{\"@type\":\"Organization\",\"@id\":\"https:\\\/\\\/www.igz.de\\\/en\\\/#organization\",\"name\":\"Innovations- und Gr\u00fcnderzentrum N\u00fcrnberg \u2022 F\u00fcrth \u2022 Erlangen\",\"url\":\"https:\\\/\\\/www.igz.de\\\/en\\\/\",\"logo\":{\"@type\":\"ImageObject\",\"inLanguage\":\"en-US\",\"@id\":\"https:\\\/\\\/www.igz.de\\\/en\\\/#\\\/schema\\\/logo\\\/image\\\/\",\"url\":\"http:\\\/\\\/wordpress5.rb-media.net\\\/wordpress\\\/igz\\\/wp-content\\\/uploads\\\/2022\\\/03\\\/igz-logo.jpg\",\"contentUrl\":\"http:\\\/\\\/wordpress5.rb-media.net\\\/wordpress\\\/igz\\\/wp-content\\\/uploads\\\/2022\\\/03\\\/igz-logo.jpg\",\"width\":912,\"height\":142,\"caption\":\"Innovations- und Gr\u00fcnderzentrum N\u00fcrnberg \u2022 F\u00fcrth \u2022 Erlangen\"},\"image\":{\"@id\":\"https:\\\/\\\/www.igz.de\\\/en\\\/#\\\/schema\\\/logo\\\/image\\\/\"}}]}<\/script>\n<!-- \/ Yoast SEO plugin. -->","yoast_head_json":{"title":"Data privacy - Das Gr\u00fcnderzentrum f\u00fcr technologieorientierte Unternehmen","robots":{"index":"index","follow":"follow","max-snippet":"max-snippet:-1","max-image-preview":"max-image-preview:large","max-video-preview":"max-video-preview:-1"},"canonical":"https:\/\/www.igz.de\/en\/data-privacy\/","og_locale":"en_US","og_type":"article","og_title":"Data privacy - Das Gr\u00fcnderzentrum f\u00fcr technologieorientierte Unternehmen","og_description":"Data privacy Visit of our homepage Our Internet pages are hosted by a service provider. Its web server stores as part of the access log files: the IP address of the Internet service provider the log name of the requesting server the web page from which the page is accessed the transferred traffic volume the [&hellip;]","og_url":"https:\/\/www.igz.de\/en\/data-privacy\/","og_site_name":"Das Gr\u00fcnderzentrum f\u00fcr technologieorientierte Unternehmen","article_modified_time":"2023-01-17T08:29:24+00:00","twitter_card":"summary_large_image","twitter_misc":{"Est. reading time":"3 minutes"},"schema":{"@context":"https:\/\/schema.org","@graph":[{"@type":"WebPage","@id":"https:\/\/www.igz.de\/en\/data-privacy\/","url":"https:\/\/www.igz.de\/en\/data-privacy\/","name":"Data privacy - Das Gr\u00fcnderzentrum f\u00fcr technologieorientierte Unternehmen","isPartOf":{"@id":"https:\/\/www.igz.de\/en\/#website"},"datePublished":"2022-04-29T07:52:19+00:00","dateModified":"2023-01-17T08:29:24+00:00","inLanguage":"en-US","potentialAction":[{"@type":"ReadAction","target":["https:\/\/www.igz.de\/en\/data-privacy\/"]}]},{"@type":"WebSite","@id":"https:\/\/www.igz.de\/en\/#website","url":"https:\/\/www.igz.de\/en\/","name":"Das Gr\u00fcnderzentrum f\u00fcr technologieorientierte Unternehmen","description":"Wir sind der Zukunftsstandort f\u00fcr Robotik und Automation in der Metropolregion N\u00fcrnberg \u2022 F\u00fcrth \u2022 Erlangen","publisher":{"@id":"https:\/\/www.igz.de\/en\/#organization"},"potentialAction":[{"@type":"SearchAction","target":{"@type":"EntryPoint","urlTemplate":"https:\/\/www.igz.de\/en\/?s={search_term_string}"},"query-input":{"@type":"PropertyValueSpecification","valueRequired":true,"valueName":"search_term_string"}}],"inLanguage":"en-US"},{"@type":"Organization","@id":"https:\/\/www.igz.de\/en\/#organization","name":"Innovations- und Gr\u00fcnderzentrum N\u00fcrnberg \u2022 F\u00fcrth \u2022 Erlangen","url":"https:\/\/www.igz.de\/en\/","logo":{"@type":"ImageObject","inLanguage":"en-US","@id":"https:\/\/www.igz.de\/en\/#\/schema\/logo\/image\/","url":"http:\/\/wordpress5.rb-media.net\/wordpress\/igz\/wp-content\/uploads\/2022\/03\/igz-logo.jpg","contentUrl":"http:\/\/wordpress5.rb-media.net\/wordpress\/igz\/wp-content\/uploads\/2022\/03\/igz-logo.jpg","width":912,"height":142,"caption":"Innovations- und Gr\u00fcnderzentrum N\u00fcrnberg \u2022 F\u00fcrth \u2022 Erlangen"},"image":{"@id":"https:\/\/www.igz.de\/en\/#\/schema\/logo\/image\/"}}]}},"_links":{"self":[{"href":"https:\/\/www.igz.de\/en\/wp-json\/wp\/v2\/pages\/4462","targetHints":{"allow":["GET"]}}],"collection":[{"href":"https:\/\/www.igz.de\/en\/wp-json\/wp\/v2\/pages"}],"about":[{"href":"https:\/\/www.igz.de\/en\/wp-json\/wp\/v2\/types\/page"}],"author":[{"embeddable":true,"href":"https:\/\/www.igz.de\/en\/wp-json\/wp\/v2\/users\/2"}],"replies":[{"embeddable":true,"href":"https:\/\/www.igz.de\/en\/wp-json\/wp\/v2\/comments?post=4462"}],"version-history":[{"count":1,"href":"https:\/\/www.igz.de\/en\/wp-json\/wp\/v2\/pages\/4462\/revisions"}],"predecessor-version":[{"id":4463,"href":"https:\/\/www.igz.de\/en\/wp-json\/wp\/v2\/pages\/4462\/revisions\/4463"}],"wp:attachment":[{"href":"https:\/\/www.igz.de\/en\/wp-json\/wp\/v2\/media?parent=4462"}],"curies":[{"name":"wp","href":"https:\/\/api.w.org\/{rel}","templated":true}]}}