
{"id":4484,"date":"2022-03-23T13:30:04","date_gmt":"2022-03-23T12:30:04","guid":{"rendered":"https:\/\/www.igz.de\/about-us\/"},"modified":"2023-11-09T13:04:36","modified_gmt":"2023-11-09T12:04:36","slug":"about-us","status":"publish","type":"page","link":"https:\/\/www.igz.de\/en\/about-us\/","title":{"rendered":"About us"},"content":{"rendered":"\t\t<div data-elementor-type=\"wp-page\" data-elementor-id=\"4484\" class=\"elementor elementor-4484 elementor-32\" data-elementor-post-type=\"page\">\n\t\t\t\t\t\t<section class=\"elementor-section elementor-top-section elementor-element elementor-element-d4e4949 elementor-section-boxed elementor-section-height-default elementor-section-height-default\" data-id=\"d4e4949\" data-element_type=\"section\" data-e-type=\"section\">\n\t\t\t\t\t\t<div class=\"elementor-container elementor-column-gap-default\">\n\t\t\t\t\t<div class=\"elementor-column elementor-col-50 elementor-top-column elementor-element elementor-element-711fe63\" data-id=\"711fe63\" data-element_type=\"column\" data-e-type=\"column\">\n\t\t\t<div class=\"elementor-widget-wrap elementor-element-populated\">\n\t\t\t\t\t\t<div class=\"elementor-element elementor-element-4e2c9b7 elementor-widget elementor-widget-heading\" data-id=\"4e2c9b7\" data-element_type=\"widget\" data-e-type=\"widget\" data-widget_type=\"heading.default\">\n\t\t\t\t<div class=\"elementor-widget-container\">\n\t\t\t\t\t<h1 class=\"elementor-heading-title elementor-size-default\">About us<\/h1>\t\t\t\t<\/div>\n\t\t\t\t<\/div>\n\t\t\t\t\t<\/div>\n\t\t<\/div>\n\t\t\t\t<div class=\"elementor-column elementor-col-50 elementor-top-column elementor-element elementor-element-f5c83a3\" data-id=\"f5c83a3\" data-element_type=\"column\" data-e-type=\"column\">\n\t\t\t<div class=\"elementor-widget-wrap\">\n\t\t\t\t\t\t\t<\/div>\n\t\t<\/div>\n\t\t\t\t\t<\/div>\n\t\t<\/section>\n\t\t\t\t<section class=\"elementor-section elementor-top-section elementor-element elementor-element-a144c90 elementor-section-boxed elementor-section-height-default elementor-section-height-default\" data-id=\"a144c90\" data-element_type=\"section\" data-e-type=\"section\">\n\t\t\t\t\t\t<div class=\"elementor-container elementor-column-gap-default\">\n\t\t\t\t\t<div class=\"make-column-clickable-elementor elementor-column elementor-col-16 elementor-top-column elementor-element elementor-element-5d67e38\" style=\"cursor: pointer;\" data-column-clickable=\"https:\/\/www.igz.de\/ueber-uns\/team-ansprechpartner\/\" data-column-clickable-blank=\"_self\" data-id=\"5d67e38\" data-element_type=\"column\" data-e-type=\"column\">\n\t\t\t<div class=\"elementor-widget-wrap elementor-element-populated\">\n\t\t\t\t\t\t<div class=\"elementor-element elementor-element-71c6b09 elementor-widget elementor-widget-image\" data-id=\"71c6b09\" data-element_type=\"widget\" data-e-type=\"widget\" data-widget_type=\"image.default\">\n\t\t\t\t<div class=\"elementor-widget-container\">\n\t\t\t\t\t\t\t\t\t\t\t\t\t\t\t<img decoding=\"async\" src=\"https:\/\/www.igz.de\/wp-content\/uploads\/2023\/11\/team-nov2023-091123.jpg\" title=\"\" alt=\"\" loading=\"lazy\" \/>\t\t\t\t\t\t\t\t\t\t\t\t\t\t\t<\/div>\n\t\t\t\t<\/div>\n\t\t\t\t<div class=\"elementor-element elementor-element-67eb49e elementor-widget elementor-widget-heading\" data-id=\"67eb49e\" data-element_type=\"widget\" data-e-type=\"widget\" data-widget_type=\"heading.default\">\n\t\t\t\t<div class=\"elementor-widget-container\">\n\t\t\t\t\t<h3 class=\"elementor-heading-title elementor-size-default\">Our team<\/h3>\t\t\t\t<\/div>\n\t\t\t\t<\/div>\n\t\t\t\t<div class=\"elementor-element elementor-element-7a0fcc1 elementor-widget elementor-widget-spacer\" data-id=\"7a0fcc1\" data-element_type=\"widget\" data-e-type=\"widget\" data-widget_type=\"spacer.default\">\n\t\t\t\t<div class=\"elementor-widget-container\">\n\t\t\t\t\t\t\t<div class=\"elementor-spacer\">\n\t\t\t<div class=\"elementor-spacer-inner\"><\/div>\n\t\t<\/div>\n\t\t\t\t\t\t<\/div>\n\t\t\t\t<\/div>\n\t\t\t\t\t<\/div>\n\t\t<\/div>\n\t\t\t\t<div class=\"make-column-clickable-elementor elementor-column elementor-col-16 elementor-top-column elementor-element elementor-element-3832189\" style=\"cursor: pointer;\" data-column-clickable=\"https:\/\/www.igz.de\/ueber-uns\/gruenderzentrum\/\" data-column-clickable-blank=\"_self\" data-id=\"3832189\" data-element_type=\"column\" data-e-type=\"column\">\n\t\t\t<div class=\"elementor-widget-wrap elementor-element-populated\">\n\t\t\t\t\t\t<div class=\"elementor-element elementor-element-cabd6ba elementor-widget elementor-widget-image\" data-id=\"cabd6ba\" data-element_type=\"widget\" data-e-type=\"widget\" data-widget_type=\"image.default\">\n\t\t\t\t<div class=\"elementor-widget-container\">\n\t\t\t\t\t\t\t\t\t\t\t\t\t\t\t<img decoding=\"async\" src=\"https:\/\/www.igz.de\/wp-content\/uploads\/2023\/11\/fux140929-igz-6450-scaled.jpg\" title=\"\" alt=\"\" loading=\"lazy\" \/>\t\t\t\t\t\t\t\t\t\t\t\t\t\t\t<\/div>\n\t\t\t\t<\/div>\n\t\t\t\t<div class=\"elementor-element elementor-element-086f933 elementor-widget elementor-widget-heading\" data-id=\"086f933\" data-element_type=\"widget\" data-e-type=\"widget\" data-widget_type=\"heading.default\">\n\t\t\t\t<div class=\"elementor-widget-container\">\n\t\t\t\t\t<h3 class=\"elementor-heading-title elementor-size-default\">Our history<\/h3>\t\t\t\t<\/div>\n\t\t\t\t<\/div>\n\t\t\t\t<div class=\"elementor-element elementor-element-4a5441a elementor-widget elementor-widget-spacer\" data-id=\"4a5441a\" data-element_type=\"widget\" data-e-type=\"widget\" data-widget_type=\"spacer.default\">\n\t\t\t\t<div class=\"elementor-widget-container\">\n\t\t\t\t\t\t\t<div class=\"elementor-spacer\">\n\t\t\t<div class=\"elementor-spacer-inner\"><\/div>\n\t\t<\/div>\n\t\t\t\t\t\t<\/div>\n\t\t\t\t<\/div>\n\t\t\t\t\t<\/div>\n\t\t<\/div>\n\t\t\t\t<div class=\"make-column-clickable-elementor elementor-column elementor-col-16 elementor-top-column elementor-element elementor-element-9920053\" style=\"cursor: pointer;\" data-column-clickable=\"https:\/\/www.igz.de\/ueber-uns\/netzwerk\/\" data-column-clickable-blank=\"_self\" data-id=\"9920053\" data-element_type=\"column\" data-e-type=\"column\">\n\t\t\t<div class=\"elementor-widget-wrap elementor-element-populated\">\n\t\t\t\t\t\t<div class=\"elementor-element elementor-element-bf1835d elementor-widget elementor-widget-image\" data-id=\"bf1835d\" data-element_type=\"widget\" data-e-type=\"widget\" data-widget_type=\"image.default\">\n\t\t\t\t<div class=\"elementor-widget-container\">\n\t\t\t\t\t\t\t\t\t\t\t\t\t\t\t<img fetchpriority=\"high\" decoding=\"async\" width=\"510\" height=\"320\" src=\"https:\/\/www.igz.de\/wp-content\/uploads\/2022\/04\/igz-header-partner-sw-510x320.jpg\" class=\"attachment-rbm size-rbm wp-image-3987\" alt=\"\" \/>\t\t\t\t\t\t\t\t\t\t\t\t\t\t\t<\/div>\n\t\t\t\t<\/div>\n\t\t\t\t<div class=\"elementor-element elementor-element-7b7af76 elementor-widget elementor-widget-heading\" data-id=\"7b7af76\" data-element_type=\"widget\" data-e-type=\"widget\" data-widget_type=\"heading.default\">\n\t\t\t\t<div class=\"elementor-widget-container\">\n\t\t\t\t\t<h3 class=\"elementor-heading-title elementor-size-default\">Strong partners<\/h3>\t\t\t\t<\/div>\n\t\t\t\t<\/div>\n\t\t\t\t<div class=\"elementor-element elementor-element-e31f9ea elementor-widget elementor-widget-spacer\" data-id=\"e31f9ea\" data-element_type=\"widget\" data-e-type=\"widget\" data-widget_type=\"spacer.default\">\n\t\t\t\t<div class=\"elementor-widget-container\">\n\t\t\t\t\t\t\t<div class=\"elementor-spacer\">\n\t\t\t<div class=\"elementor-spacer-inner\"><\/div>\n\t\t<\/div>\n\t\t\t\t\t\t<\/div>\n\t\t\t\t<\/div>\n\t\t\t\t\t<\/div>\n\t\t<\/div>\n\t\t\t\t<div class=\"make-column-clickable-elementor elementor-column elementor-col-16 elementor-top-column elementor-element elementor-element-2527fb3\" style=\"cursor: pointer;\" data-column-clickable=\"https:\/\/www.igz.de\/ueber-uns\/jobs\/\" data-column-clickable-blank=\"_self\" data-id=\"2527fb3\" data-element_type=\"column\" data-e-type=\"column\">\n\t\t\t<div class=\"elementor-widget-wrap elementor-element-populated\">\n\t\t\t\t\t\t<div class=\"elementor-element elementor-element-ea87446 elementor-widget elementor-widget-image\" data-id=\"ea87446\" data-element_type=\"widget\" data-e-type=\"widget\" data-widget_type=\"image.default\">\n\t\t\t\t<div class=\"elementor-widget-container\">\n\t\t\t\t\t\t\t\t\t\t\t\t\t\t\t<img decoding=\"async\" width=\"510\" height=\"320\" src=\"https:\/\/www.igz.de\/wp-content\/uploads\/2022\/06\/istock-642501464-bearbeitet-510x320.jpg\" class=\"attachment-rbm size-rbm wp-image-4006\" alt=\"\" \/>\t\t\t\t\t\t\t\t\t\t\t\t\t\t\t<\/div>\n\t\t\t\t<\/div>\n\t\t\t\t<div class=\"elementor-element elementor-element-b19ad1d elementor-widget elementor-widget-heading\" data-id=\"b19ad1d\" data-element_type=\"widget\" data-e-type=\"widget\" data-widget_type=\"heading.default\">\n\t\t\t\t<div class=\"elementor-widget-container\">\n\t\t\t\t\t<h3 class=\"elementor-heading-title elementor-size-default\">Jobs &amp; vacancies<\/h3>\t\t\t\t<\/div>\n\t\t\t\t<\/div>\n\t\t\t\t<div class=\"elementor-element elementor-element-91ce027 elementor-widget elementor-widget-spacer\" data-id=\"91ce027\" data-element_type=\"widget\" data-e-type=\"widget\" data-widget_type=\"spacer.default\">\n\t\t\t\t<div class=\"elementor-widget-container\">\n\t\t\t\t\t\t\t<div class=\"elementor-spacer\">\n\t\t\t<div class=\"elementor-spacer-inner\"><\/div>\n\t\t<\/div>\n\t\t\t\t\t\t<\/div>\n\t\t\t\t<\/div>\n\t\t\t\t\t<\/div>\n\t\t<\/div>\n\t\t\t\t<div class=\"make-column-clickable-elementor elementor-column elementor-col-16 elementor-top-column elementor-element elementor-element-270a778\" style=\"cursor: pointer;\" data-column-clickable=\"https:\/\/www.igz.de\/ueber-uns\/news\/\" data-column-clickable-blank=\"_self\" data-id=\"270a778\" data-element_type=\"column\" data-e-type=\"column\">\n\t\t\t<div class=\"elementor-widget-wrap elementor-element-populated\">\n\t\t\t\t\t\t<div class=\"elementor-element elementor-element-979367e elementor-widget elementor-widget-image\" data-id=\"979367e\" data-element_type=\"widget\" data-e-type=\"widget\" data-widget_type=\"image.default\">\n\t\t\t\t<div class=\"elementor-widget-container\">\n\t\t\t\t\t\t\t\t\t\t\t\t\t\t\t<img decoding=\"async\" src=\"https:\/\/www.igz.de\/wp-content\/uploads\/2022\/09\/laptop-sw.png\" title=\"\" alt=\"\" loading=\"lazy\" \/>\t\t\t\t\t\t\t\t\t\t\t\t\t\t\t<\/div>\n\t\t\t\t<\/div>\n\t\t\t\t<div class=\"elementor-element elementor-element-ede088b elementor-widget elementor-widget-heading\" data-id=\"ede088b\" data-element_type=\"widget\" data-e-type=\"widget\" data-widget_type=\"heading.default\">\n\t\t\t\t<div class=\"elementor-widget-container\">\n\t\t\t\t\t<h3 class=\"elementor-heading-title elementor-size-default\">News<\/h3>\t\t\t\t<\/div>\n\t\t\t\t<\/div>\n\t\t\t\t<div class=\"elementor-element elementor-element-6724403 elementor-widget elementor-widget-spacer\" data-id=\"6724403\" data-element_type=\"widget\" data-e-type=\"widget\" data-widget_type=\"spacer.default\">\n\t\t\t\t<div class=\"elementor-widget-container\">\n\t\t\t\t\t\t\t<div class=\"elementor-spacer\">\n\t\t\t<div class=\"elementor-spacer-inner\"><\/div>\n\t\t<\/div>\n\t\t\t\t\t\t<\/div>\n\t\t\t\t<\/div>\n\t\t\t\t\t<\/div>\n\t\t<\/div>\n\t\t\t\t<div class=\"make-column-clickable-elementor elementor-column elementor-col-16 elementor-top-column elementor-element elementor-element-76d48a8\" style=\"cursor: pointer;\" data-column-clickable=\"https:\/\/www.igz.de\/ueber-uns\/kontakt-anfahrt\/\" data-column-clickable-blank=\"_self\" data-id=\"76d48a8\" data-element_type=\"column\" data-e-type=\"column\">\n\t\t\t<div class=\"elementor-widget-wrap elementor-element-populated\">\n\t\t\t\t\t\t<div class=\"elementor-element elementor-element-7c93570 elementor-widget elementor-widget-image\" data-id=\"7c93570\" data-element_type=\"widget\" data-e-type=\"widget\" data-widget_type=\"image.default\">\n\t\t\t\t<div class=\"elementor-widget-container\">\n\t\t\t\t\t\t\t\t\t\t\t\t\t\t\t<img decoding=\"async\" width=\"510\" height=\"320\" src=\"https:\/\/www.igz.de\/wp-content\/uploads\/2022\/03\/google-map-510x320.jpg\" class=\"attachment-rbm size-rbm wp-image-3904\" alt=\"\" \/>\t\t\t\t\t\t\t\t\t\t\t\t\t\t\t<\/div>\n\t\t\t\t<\/div>\n\t\t\t\t<div class=\"elementor-element elementor-element-449f909 elementor-widget elementor-widget-heading\" data-id=\"449f909\" data-element_type=\"widget\" data-e-type=\"widget\" data-widget_type=\"heading.default\">\n\t\t\t\t<div class=\"elementor-widget-container\">\n\t\t\t\t\t<h3 class=\"elementor-heading-title elementor-size-default\">contact &amp; address<\/h3>\t\t\t\t<\/div>\n\t\t\t\t<\/div>\n\t\t\t\t<div class=\"elementor-element elementor-element-1b773a4 elementor-widget elementor-widget-spacer\" data-id=\"1b773a4\" data-element_type=\"widget\" data-e-type=\"widget\" data-widget_type=\"spacer.default\">\n\t\t\t\t<div class=\"elementor-widget-container\">\n\t\t\t\t\t\t\t<div class=\"elementor-spacer\">\n\t\t\t<div class=\"elementor-spacer-inner\"><\/div>\n\t\t<\/div>\n\t\t\t\t\t\t<\/div>\n\t\t\t\t<\/div>\n\t\t\t\t\t<\/div>\n\t\t<\/div>\n\t\t\t\t\t<\/div>\n\t\t<\/section>\n\t\t\t\t<\/div>\n\t\t","protected":false},"excerpt":{"rendered":"<p>About us Our team Our history Strong partners Jobs &amp; vacancies News contact &amp; address<\/p>\n","protected":false},"author":1,"featured_media":0,"parent":0,"menu_order":0,"comment_status":"closed","ping_status":"closed","template":"","meta":{"_acf_changed":false,"footnotes":""},"class_list":["post-4484","page","type-page","status-publish","hentry"],"acf":[],"yoast_head":"<!-- This site is optimized with the Yoast SEO plugin v27.4 - https:\/\/yoast.com\/product\/yoast-seo-wordpress\/ -->\n<title>About us - Das Gr\u00fcnderzentrum f\u00fcr technologieorientierte Unternehmen<\/title>\n<meta name=\"robots\" content=\"index, follow, max-snippet:-1, max-image-preview:large, max-video-preview:-1\" \/>\n<link rel=\"canonical\" href=\"https:\/\/www.igz.de\/en\/about-us\/\" \/>\n<meta property=\"og:locale\" content=\"en_US\" \/>\n<meta property=\"og:type\" content=\"article\" \/>\n<meta property=\"og:title\" content=\"About us - Das Gr\u00fcnderzentrum f\u00fcr technologieorientierte Unternehmen\" \/>\n<meta property=\"og:description\" content=\"About us Our team Our history Strong partners Jobs &amp; vacancies News contact &amp; address\" \/>\n<meta property=\"og:url\" content=\"https:\/\/www.igz.de\/en\/about-us\/\" \/>\n<meta property=\"og:site_name\" content=\"Das Gr\u00fcnderzentrum f\u00fcr technologieorientierte Unternehmen\" \/>\n<meta property=\"article:modified_time\" content=\"2023-11-09T12:04:36+00:00\" \/>\n<meta property=\"og:image\" content=\"https:\/\/www.igz.de\/wp-content\/uploads\/2023\/11\/team-nov2023-091123-510x320.jpg\" \/>\n<meta name=\"twitter:card\" content=\"summary_large_image\" \/>\n<meta name=\"twitter:label1\" content=\"Est. reading time\" \/>\n\t<meta name=\"twitter:data1\" content=\"2 minutes\" \/>\n<script type=\"application\/ld+json\" class=\"yoast-schema-graph\">{\"@context\":\"https:\\\/\\\/schema.org\",\"@graph\":[{\"@type\":\"WebPage\",\"@id\":\"https:\\\/\\\/www.igz.de\\\/en\\\/about-us\\\/\",\"url\":\"https:\\\/\\\/www.igz.de\\\/en\\\/about-us\\\/\",\"name\":\"About us - Das Gr\u00fcnderzentrum f\u00fcr technologieorientierte Unternehmen\",\"isPartOf\":{\"@id\":\"https:\\\/\\\/www.igz.de\\\/en\\\/#website\"},\"primaryImageOfPage\":{\"@id\":\"https:\\\/\\\/www.igz.de\\\/en\\\/about-us\\\/#primaryimage\"},\"image\":{\"@id\":\"https:\\\/\\\/www.igz.de\\\/en\\\/about-us\\\/#primaryimage\"},\"thumbnailUrl\":\"https:\\\/\\\/www.igz.de\\\/wp-content\\\/uploads\\\/2023\\\/11\\\/team-nov2023-091123-510x320.jpg\",\"datePublished\":\"2022-03-23T12:30:04+00:00\",\"dateModified\":\"2023-11-09T12:04:36+00:00\",\"inLanguage\":\"en-US\",\"potentialAction\":[{\"@type\":\"ReadAction\",\"target\":[\"https:\\\/\\\/www.igz.de\\\/en\\\/about-us\\\/\"]}]},{\"@type\":\"ImageObject\",\"inLanguage\":\"en-US\",\"@id\":\"https:\\\/\\\/www.igz.de\\\/en\\\/about-us\\\/#primaryimage\",\"url\":\"https:\\\/\\\/www.igz.de\\\/wp-content\\\/uploads\\\/2023\\\/11\\\/team-nov2023-091123-510x320.jpg\",\"contentUrl\":\"https:\\\/\\\/www.igz.de\\\/wp-content\\\/uploads\\\/2023\\\/11\\\/team-nov2023-091123-510x320.jpg\"},{\"@type\":\"WebSite\",\"@id\":\"https:\\\/\\\/www.igz.de\\\/en\\\/#website\",\"url\":\"https:\\\/\\\/www.igz.de\\\/en\\\/\",\"name\":\"Das Gr\u00fcnderzentrum f\u00fcr technologieorientierte Unternehmen\",\"description\":\"Wir sind der Zukunftsstandort f\u00fcr Robotik und Automation in der Metropolregion N\u00fcrnberg \u2022 F\u00fcrth \u2022 Erlangen\",\"publisher\":{\"@id\":\"https:\\\/\\\/www.igz.de\\\/en\\\/#organization\"},\"potentialAction\":[{\"@type\":\"SearchAction\",\"target\":{\"@type\":\"EntryPoint\",\"urlTemplate\":\"https:\\\/\\\/www.igz.de\\\/en\\\/?s={search_term_string}\"},\"query-input\":{\"@type\":\"PropertyValueSpecification\",\"valueRequired\":true,\"valueName\":\"search_term_string\"}}],\"inLanguage\":\"en-US\"},{\"@type\":\"Organization\",\"@id\":\"https:\\\/\\\/www.igz.de\\\/en\\\/#organization\",\"name\":\"Innovations- und Gr\u00fcnderzentrum N\u00fcrnberg \u2022 F\u00fcrth \u2022 Erlangen\",\"url\":\"https:\\\/\\\/www.igz.de\\\/en\\\/\",\"logo\":{\"@type\":\"ImageObject\",\"inLanguage\":\"en-US\",\"@id\":\"https:\\\/\\\/www.igz.de\\\/en\\\/#\\\/schema\\\/logo\\\/image\\\/\",\"url\":\"http:\\\/\\\/wordpress5.rb-media.net\\\/wordpress\\\/igz\\\/wp-content\\\/uploads\\\/2022\\\/03\\\/igz-logo.jpg\",\"contentUrl\":\"http:\\\/\\\/wordpress5.rb-media.net\\\/wordpress\\\/igz\\\/wp-content\\\/uploads\\\/2022\\\/03\\\/igz-logo.jpg\",\"width\":912,\"height\":142,\"caption\":\"Innovations- und Gr\u00fcnderzentrum N\u00fcrnberg \u2022 F\u00fcrth \u2022 Erlangen\"},\"image\":{\"@id\":\"https:\\\/\\\/www.igz.de\\\/en\\\/#\\\/schema\\\/logo\\\/image\\\/\"}}]}<\/script>\n<!-- \/ Yoast SEO plugin. -->","yoast_head_json":{"title":"About us - Das Gr\u00fcnderzentrum f\u00fcr technologieorientierte Unternehmen","robots":{"index":"index","follow":"follow","max-snippet":"max-snippet:-1","max-image-preview":"max-image-preview:large","max-video-preview":"max-video-preview:-1"},"canonical":"https:\/\/www.igz.de\/en\/about-us\/","og_locale":"en_US","og_type":"article","og_title":"About us - Das Gr\u00fcnderzentrum f\u00fcr technologieorientierte Unternehmen","og_description":"About us Our team Our history Strong partners Jobs &amp; vacancies News contact &amp; address","og_url":"https:\/\/www.igz.de\/en\/about-us\/","og_site_name":"Das Gr\u00fcnderzentrum f\u00fcr technologieorientierte Unternehmen","article_modified_time":"2023-11-09T12:04:36+00:00","og_image":[{"url":"https:\/\/www.igz.de\/wp-content\/uploads\/2023\/11\/team-nov2023-091123-510x320.jpg","type":"","width":"","height":""}],"twitter_card":"summary_large_image","twitter_misc":{"Est. reading time":"2 minutes"},"schema":{"@context":"https:\/\/schema.org","@graph":[{"@type":"WebPage","@id":"https:\/\/www.igz.de\/en\/about-us\/","url":"https:\/\/www.igz.de\/en\/about-us\/","name":"About us - Das Gr\u00fcnderzentrum f\u00fcr technologieorientierte Unternehmen","isPartOf":{"@id":"https:\/\/www.igz.de\/en\/#website"},"primaryImageOfPage":{"@id":"https:\/\/www.igz.de\/en\/about-us\/#primaryimage"},"image":{"@id":"https:\/\/www.igz.de\/en\/about-us\/#primaryimage"},"thumbnailUrl":"https:\/\/www.igz.de\/wp-content\/uploads\/2023\/11\/team-nov2023-091123-510x320.jpg","datePublished":"2022-03-23T12:30:04+00:00","dateModified":"2023-11-09T12:04:36+00:00","inLanguage":"en-US","potentialAction":[{"@type":"ReadAction","target":["https:\/\/www.igz.de\/en\/about-us\/"]}]},{"@type":"ImageObject","inLanguage":"en-US","@id":"https:\/\/www.igz.de\/en\/about-us\/#primaryimage","url":"https:\/\/www.igz.de\/wp-content\/uploads\/2023\/11\/team-nov2023-091123-510x320.jpg","contentUrl":"https:\/\/www.igz.de\/wp-content\/uploads\/2023\/11\/team-nov2023-091123-510x320.jpg"},{"@type":"WebSite","@id":"https:\/\/www.igz.de\/en\/#website","url":"https:\/\/www.igz.de\/en\/","name":"Das Gr\u00fcnderzentrum f\u00fcr technologieorientierte Unternehmen","description":"Wir sind der Zukunftsstandort f\u00fcr Robotik und Automation in der Metropolregion N\u00fcrnberg \u2022 F\u00fcrth \u2022 Erlangen","publisher":{"@id":"https:\/\/www.igz.de\/en\/#organization"},"potentialAction":[{"@type":"SearchAction","target":{"@type":"EntryPoint","urlTemplate":"https:\/\/www.igz.de\/en\/?s={search_term_string}"},"query-input":{"@type":"PropertyValueSpecification","valueRequired":true,"valueName":"search_term_string"}}],"inLanguage":"en-US"},{"@type":"Organization","@id":"https:\/\/www.igz.de\/en\/#organization","name":"Innovations- und Gr\u00fcnderzentrum N\u00fcrnberg \u2022 F\u00fcrth \u2022 Erlangen","url":"https:\/\/www.igz.de\/en\/","logo":{"@type":"ImageObject","inLanguage":"en-US","@id":"https:\/\/www.igz.de\/en\/#\/schema\/logo\/image\/","url":"http:\/\/wordpress5.rb-media.net\/wordpress\/igz\/wp-content\/uploads\/2022\/03\/igz-logo.jpg","contentUrl":"http:\/\/wordpress5.rb-media.net\/wordpress\/igz\/wp-content\/uploads\/2022\/03\/igz-logo.jpg","width":912,"height":142,"caption":"Innovations- und Gr\u00fcnderzentrum N\u00fcrnberg \u2022 F\u00fcrth \u2022 Erlangen"},"image":{"@id":"https:\/\/www.igz.de\/en\/#\/schema\/logo\/image\/"}}]}},"_links":{"self":[{"href":"https:\/\/www.igz.de\/en\/wp-json\/wp\/v2\/pages\/4484","targetHints":{"allow":["GET"]}}],"collection":[{"href":"https:\/\/www.igz.de\/en\/wp-json\/wp\/v2\/pages"}],"about":[{"href":"https:\/\/www.igz.de\/en\/wp-json\/wp\/v2\/types\/page"}],"author":[{"embeddable":true,"href":"https:\/\/www.igz.de\/en\/wp-json\/wp\/v2\/users\/1"}],"replies":[{"embeddable":true,"href":"https:\/\/www.igz.de\/en\/wp-json\/wp\/v2\/comments?post=4484"}],"version-history":[{"count":1,"href":"https:\/\/www.igz.de\/en\/wp-json\/wp\/v2\/pages\/4484\/revisions"}],"predecessor-version":[{"id":4485,"href":"https:\/\/www.igz.de\/en\/wp-json\/wp\/v2\/pages\/4484\/revisions\/4485"}],"wp:attachment":[{"href":"https:\/\/www.igz.de\/en\/wp-json\/wp\/v2\/media?parent=4484"}],"curies":[{"name":"wp","href":"https:\/\/api.w.org\/{rel}","templated":true}]}}